{"id":15392,"date":"2025-04-08T10:06:00","date_gmt":"2025-04-08T13:06:00","guid":{"rendered":"https:\/\/www.bs4it.com.br\/?page_id=15392"},"modified":"2025-04-24T17:52:52","modified_gmt":"2025-04-24T20:52:52","slug":"analista-cloud-pleno","status":"publish","type":"page","link":"https:\/\/www.bs4it.com.br\/en\/analista-cloud-pleno\/","title":{"rendered":"Analista Cloud Pleno"},"content":{"rendered":"<p>[et_pb_section fb_built=&#8221;1&#8243; _builder_version=&#8221;4.20.4&#8243; _module_preset=&#8221;default&#8221; global_colors_info=&#8221;{}&#8221;][et_pb_row _builder_version=&#8221;4.20.4&#8243; _module_preset=&#8221;default&#8221; global_colors_info=&#8221;{}&#8221;][et_pb_column type=&#8221;4_4&#8243; _builder_version=&#8221;4.20.4&#8243; _module_preset=&#8221;default&#8221; global_colors_info=&#8221;{}&#8221;][et_pb_post_title _builder_version=&#8221;4.27.4&#8243; _module_preset=&#8221;default&#8221; global_colors_info=&#8221;{}&#8221;][\/et_pb_post_title][\/et_pb_column][\/et_pb_row][et_pb_row _builder_version=&#8221;4.20.4&#8243; _module_preset=&#8221;default&#8221; global_colors_info=&#8221;{}&#8221;][et_pb_column type=&#8221;4_4&#8243; _builder_version=&#8221;4.20.4&#8243; _module_preset=&#8221;default&#8221; global_colors_info=&#8221;{}&#8221;][et_pb_text _builder_version=&#8221;4.27.4&#8243; _module_preset=&#8221;default&#8221; custom_padding=&#8221;||0px|||&#8221; hover_enabled=&#8221;0&#8243; global_colors_info=&#8221;{}&#8221; sticky_enabled=&#8221;0&#8243;]<\/p>\n<div class=\"et_pb_row et_pb_row_0\">\n<div class=\"et_pb_column et_pb_column_4_4 et_pb_column_0  et_pb_css_mix_blend_mode_passthrough et-last-child\">\n<div class=\"et_pb_module et_pb_text et_pb_text_0  et_pb_text_align_left et_pb_bg_layout_light\">\n<div class=\"et_pb_text_inner\">\n<h2><strong>Vaga home office<\/strong><\/h2>\n<p>&nbsp;<\/p>\n<p>ATIVIDADES:<\/p>\n<ul>\n<li><span class=\"OYPEnA font-feature-liga-off font-feature-clig-off font-feature-calt-off text-decoration-none text-strikethrough-none\"><\/span><span style=\"font-size: 14px;\">Garantir o SLA acordado do ambiente de alta disponibilidade;<\/span><\/li>\n<li><span style=\"font-size: 14px;\">Diagnosticar e resolver incidentes em solu\u00e7\u00f5es na nuvem;<\/span><\/li>\n<li><span style=\"font-size: 14px;\">Atuar e apoiar nos incidentes e solicita\u00e7\u00f5es de baixa e m\u00e9dia complexidade junto \u00e0s equipes de infra e sistemas;<\/span><\/li>\n<li><span style=\"font-size: 14px;\">Dar suporte \u00e0 integra\u00e7\u00e3o de servi\u00e7os na plataforma e opera\u00e7\u00f5es do dia-a-dia;<\/span><\/li>\n<li><span style=\"font-size: 14px;\">Atuar na manuten\u00e7\u00e3o preventiva e\/ou corretiva de solu\u00e7\u00f5es em cloud;<\/span><\/li>\n<li><span style=\"font-size: 14px;\">Manter os recursos bem utilizados para evitar gastos extras;<\/span><\/li>\n<li><span style=\"font-size: 14px;\">Atuar na Implanta\u00e7\u00e3o e migra\u00e7\u00e3o de ambientes para Nuvem;<\/span><\/li>\n<li><span style=\"font-size: 14px;\">Criar documenta\u00e7\u00f5es t\u00e9cnicas proativas e de apoio;<\/span><\/li>\n<li><span style=\"font-size: 14px;\">Atuar nas frentes de ITSM, Incidentes, Mudan\u00e7as e Problemas como pe\u00e7a chave na torre de Infraestrutura Cloud;<\/span><\/li>\n<li><span style=\"font-size: 14px;\">Organizar a l\u00f3gica de consumo e cria\u00e7\u00e3o de novos ambientes;<\/span><\/li>\n<li><span style=\"font-size: 14px;\">Garantir a estabilidade das plataformas e intera\u00e7\u00f5es multi cloud;<\/span><\/li>\n<li><span style=\"font-size: 14px;\">Administra\u00e7\u00e3o de containers nos ambientes cloud;<\/span><\/li>\n<li><span style=\"font-size: 14px;\">Atualiza\u00e7\u00f5es manuais de ambiente;<\/span><\/li>\n<li><span style=\"font-size: 14px;\">Manipula\u00e7\u00e3o de arquivos de logs em sistemas Windows e Linux;<\/span><\/li>\n<li><span style=\"font-size: 14px;\">Identificar processos ofensores de consumo de CPU e Mem\u00f3ria em sistemas Windows e Linux;<br \/>Conhecimentos em Linux, Windows;<\/span><\/li>\n<li><span style=\"font-size: 14px;\">Troubleshooting de consumo (identificar quem \u00e9 o ofensor de consumo de memoria, por exemplo);<\/span><\/li>\n<li><span style=\"font-size: 14px;\">Efetuar procedimentos de recupera\u00e7\u00e3o de ambiente (stop\/start de aplica\u00e7\u00f5es);<\/span><\/li>\n<li><span style=\"font-size: 14px;\">Manipula\u00e7\u00e3o de recursos de Cloud Expans\u00e3o de discos Troca de servidores na Nuvem;<br \/><\/span><\/li>\n<\/ul>\n<p><span style=\"font-size: 14px;\"><\/span><\/p>\n<p>REQUISITOS:<span style=\"font-size: 14px;\"><\/span><\/p>\n<ul>\n<li><span style=\"font-size: 14px;\">Viv\u00eancia com Azure, AWS e OCI.<\/span><\/li>\n<\/ul>\n<ul><\/ul>\n<p>&nbsp;<\/p>\n<p>&nbsp;<\/p>\n<ul><\/ul>\n<\/div>\n<\/div>\n<\/div>\n<\/div>\n<div class=\"et_pb_row et_pb_row_1\">\n<div class=\"et_pb_column et_pb_column_4_4 et_pb_column_1  et_pb_css_mix_blend_mode_passthrough et-last-child\">\n<div class=\"et_pb_module et_pb_text et_pb_text_1  et_pb_text_align_left et_pb_bg_layout_light\">\n<div class=\"et_pb_text_inner\">\n<h1><span style=\"color: #0a0a0a;\">Benef\u00edcios<\/span><\/h1>\n<ul>\n<li><span style=\"color: #424242;\">Conv\u00eanio M\u00e9dico<\/span><\/li>\n<li><span style=\"color: #424242;\">Seguro de Vida em Grupo<\/span><\/li>\n<li><span style=\"color: #424242;\">Aux\u00edlio Creche<\/span><\/li>\n<li><span style=\"color: #424242;\">Flash (alimenta\u00e7\u00e3o e refei\u00e7\u00e3o)<\/span><\/li>\n<li><span style=\"color: #424242;\">Aux\u00edlio Transporte<\/span><\/li>\n<li><span style=\"color: #424242;\">Participa\u00e7\u00e3o nos Lucros da empresa (PLR)<\/span><\/li>\n<li><span style=\"color: #424242;\">Aux\u00edlio Certifica\u00e7\u00e3o<\/span><br \/><span style=\"color: #424242;\"><\/span><\/li>\n<li><span style=\"color: #424242;\">Totalpass<\/span><\/li>\n<li><span style=\"color: #424242;\">C4LIFE<\/span><\/li>\n<li><span style=\"color: #424242;\">CLUDE<\/span><\/li>\n<\/ul>\n<\/div>\n<\/div>\n<\/div>\n<\/div>\n<p>[\/et_pb_text][\/et_pb_column][\/et_pb_row][\/et_pb_section]<\/p>\n","protected":false},"excerpt":{"rendered":"<p>Vaga home office &nbsp; ATIVIDADES: Garantir o SLA acordado do ambiente de alta disponibilidade; Diagnosticar e resolver incidentes em solu\u00e7\u00f5es na nuvem; Atuar e apoiar nos incidentes e solicita\u00e7\u00f5es de baixa e m\u00e9dia complexidade junto \u00e0s equipes de infra e sistemas; Dar suporte \u00e0 integra\u00e7\u00e3o de servi\u00e7os na plataforma e opera\u00e7\u00f5es do dia-a-dia; Atuar na [&hellip;]<\/p>\n","protected":false},"author":5,"featured_media":0,"parent":0,"menu_order":0,"comment_status":"closed","ping_status":"closed","template":"","meta":{"_et_pb_use_builder":"on","_et_pb_old_content":"","_et_gb_content_width":"","footnotes":""},"class_list":["post-15392","page","type-page","status-publish","hentry"],"yoast_head":"<!-- This site is optimized with the Yoast SEO plugin v27.5 - https:\/\/yoast.com\/product\/yoast-seo-wordpress\/ -->\n<title>Analista Cloud Pleno - BS4IT<\/title>\n<meta name=\"robots\" content=\"index, follow, max-snippet:-1, max-image-preview:large, max-video-preview:-1\" \/>\n<link rel=\"canonical\" href=\"https:\/\/www.bs4it.com.br\/en\/analista-cloud-pleno\/\" \/>\n<meta property=\"og:locale\" content=\"en_US\" \/>\n<meta property=\"og:type\" content=\"article\" \/>\n<meta property=\"og:title\" content=\"Analista Cloud Pleno - BS4IT\" \/>\n<meta property=\"og:description\" content=\"Vaga home office &nbsp; ATIVIDADES: Garantir o SLA acordado do ambiente de alta disponibilidade; Diagnosticar e resolver incidentes em solu\u00e7\u00f5es na nuvem; Atuar e apoiar nos incidentes e solicita\u00e7\u00f5es de baixa e m\u00e9dia complexidade junto \u00e0s equipes de infra e sistemas; Dar suporte \u00e0 integra\u00e7\u00e3o de servi\u00e7os na plataforma e opera\u00e7\u00f5es do dia-a-dia; Atuar na [&hellip;]\" \/>\n<meta property=\"og:url\" content=\"https:\/\/www.bs4it.com.br\/en\/analista-cloud-pleno\/\" \/>\n<meta property=\"og:site_name\" content=\"BS4IT\" \/>\n<meta property=\"article:publisher\" content=\"https:\/\/www.facebook.com\/BS4IT\" \/>\n<meta property=\"article:modified_time\" content=\"2025-04-24T20:52:52+00:00\" \/>\n<meta name=\"twitter:card\" content=\"summary_large_image\" \/>\n<script type=\"application\/ld+json\" class=\"yoast-schema-graph\">{\"@context\":\"https:\\\/\\\/schema.org\",\"@graph\":[{\"@type\":\"WebPage\",\"@id\":\"https:\\\/\\\/www.bs4it.com.br\\\/analista-cloud-pleno\\\/\",\"url\":\"https:\\\/\\\/www.bs4it.com.br\\\/analista-cloud-pleno\\\/\",\"name\":\"Analista Cloud Pleno - BS4IT\",\"isPartOf\":{\"@id\":\"https:\\\/\\\/www.bs4it.com.br\\\/#website\"},\"datePublished\":\"2025-04-08T13:06:00+00:00\",\"dateModified\":\"2025-04-24T20:52:52+00:00\",\"breadcrumb\":{\"@id\":\"https:\\\/\\\/www.bs4it.com.br\\\/analista-cloud-pleno\\\/#breadcrumb\"},\"inLanguage\":\"en-US\",\"potentialAction\":[{\"@type\":\"ReadAction\",\"target\":[\"https:\\\/\\\/www.bs4it.com.br\\\/analista-cloud-pleno\\\/\"]}]},{\"@type\":\"BreadcrumbList\",\"@id\":\"https:\\\/\\\/www.bs4it.com.br\\\/analista-cloud-pleno\\\/#breadcrumb\",\"itemListElement\":[{\"@type\":\"ListItem\",\"position\":1,\"name\":\"In\u00edcio\",\"item\":\"https:\\\/\\\/www.bs4it.com.br\\\/\"},{\"@type\":\"ListItem\",\"position\":2,\"name\":\"Analista Cloud Pleno\"}]},{\"@type\":\"WebSite\",\"@id\":\"https:\\\/\\\/www.bs4it.com.br\\\/#website\",\"url\":\"https:\\\/\\\/www.bs4it.com.br\\\/\",\"name\":\"BS4IT\",\"description\":\"NOSSA EXPERI\u00caNCIA A FAVOR DO SEU NEG\u00d3CIO\",\"publisher\":{\"@id\":\"https:\\\/\\\/www.bs4it.com.br\\\/#organization\"},\"potentialAction\":[{\"@type\":\"SearchAction\",\"target\":{\"@type\":\"EntryPoint\",\"urlTemplate\":\"https:\\\/\\\/www.bs4it.com.br\\\/?s={search_term_string}\"},\"query-input\":{\"@type\":\"PropertyValueSpecification\",\"valueRequired\":true,\"valueName\":\"search_term_string\"}}],\"inLanguage\":\"en-US\"},{\"@type\":\"Organization\",\"@id\":\"https:\\\/\\\/www.bs4it.com.br\\\/#organization\",\"name\":\"BS4IT Solu\u00e7\u00f5es\",\"alternateName\":\"BS4IT\",\"url\":\"https:\\\/\\\/www.bs4it.com.br\\\/\",\"logo\":{\"@type\":\"ImageObject\",\"inLanguage\":\"en-US\",\"@id\":\"https:\\\/\\\/www.bs4it.com.br\\\/#\\\/schema\\\/logo\\\/image\\\/\",\"url\":\"https:\\\/\\\/www.bs4it.com.br\\\/wp-content\\\/uploads\\\/2023\\\/09\\\/LOGO-BS4IT-NOVO-azul.png\",\"contentUrl\":\"https:\\\/\\\/www.bs4it.com.br\\\/wp-content\\\/uploads\\\/2023\\\/09\\\/LOGO-BS4IT-NOVO-azul.png\",\"width\":600,\"height\":600,\"caption\":\"BS4IT Solu\u00e7\u00f5es\"},\"image\":{\"@id\":\"https:\\\/\\\/www.bs4it.com.br\\\/#\\\/schema\\\/logo\\\/image\\\/\"},\"sameAs\":[\"https:\\\/\\\/www.facebook.com\\\/BS4IT\",\"https:\\\/\\\/www.linkedin.com\\\/company\\\/bs4it\\\/mycompany\\\/?viewAsMember=true\",\"https:\\\/\\\/www.instagram.com\\\/BS4IT\"]}]}<\/script>\n<!-- \/ Yoast SEO plugin. -->","yoast_head_json":{"title":"Analista Cloud Pleno - BS4IT","robots":{"index":"index","follow":"follow","max-snippet":"max-snippet:-1","max-image-preview":"max-image-preview:large","max-video-preview":"max-video-preview:-1"},"canonical":"https:\/\/www.bs4it.com.br\/en\/analista-cloud-pleno\/","og_locale":"en_US","og_type":"article","og_title":"Analista Cloud Pleno - BS4IT","og_description":"Vaga home office &nbsp; ATIVIDADES: Garantir o SLA acordado do ambiente de alta disponibilidade; Diagnosticar e resolver incidentes em solu\u00e7\u00f5es na nuvem; Atuar e apoiar nos incidentes e solicita\u00e7\u00f5es de baixa e m\u00e9dia complexidade junto \u00e0s equipes de infra e sistemas; Dar suporte \u00e0 integra\u00e7\u00e3o de servi\u00e7os na plataforma e opera\u00e7\u00f5es do dia-a-dia; Atuar na [&hellip;]","og_url":"https:\/\/www.bs4it.com.br\/en\/analista-cloud-pleno\/","og_site_name":"BS4IT","article_publisher":"https:\/\/www.facebook.com\/BS4IT","article_modified_time":"2025-04-24T20:52:52+00:00","twitter_card":"summary_large_image","schema":{"@context":"https:\/\/schema.org","@graph":[{"@type":"WebPage","@id":"https:\/\/www.bs4it.com.br\/analista-cloud-pleno\/","url":"https:\/\/www.bs4it.com.br\/analista-cloud-pleno\/","name":"Analista Cloud Pleno - BS4IT","isPartOf":{"@id":"https:\/\/www.bs4it.com.br\/#website"},"datePublished":"2025-04-08T13:06:00+00:00","dateModified":"2025-04-24T20:52:52+00:00","breadcrumb":{"@id":"https:\/\/www.bs4it.com.br\/analista-cloud-pleno\/#breadcrumb"},"inLanguage":"en-US","potentialAction":[{"@type":"ReadAction","target":["https:\/\/www.bs4it.com.br\/analista-cloud-pleno\/"]}]},{"@type":"BreadcrumbList","@id":"https:\/\/www.bs4it.com.br\/analista-cloud-pleno\/#breadcrumb","itemListElement":[{"@type":"ListItem","position":1,"name":"In\u00edcio","item":"https:\/\/www.bs4it.com.br\/"},{"@type":"ListItem","position":2,"name":"Analista Cloud Pleno"}]},{"@type":"WebSite","@id":"https:\/\/www.bs4it.com.br\/#website","url":"https:\/\/www.bs4it.com.br\/","name":"BS4IT","description":"NOSSA EXPERI\u00caNCIA A FAVOR DO SEU NEG\u00d3CIO","publisher":{"@id":"https:\/\/www.bs4it.com.br\/#organization"},"potentialAction":[{"@type":"SearchAction","target":{"@type":"EntryPoint","urlTemplate":"https:\/\/www.bs4it.com.br\/?s={search_term_string}"},"query-input":{"@type":"PropertyValueSpecification","valueRequired":true,"valueName":"search_term_string"}}],"inLanguage":"en-US"},{"@type":"Organization","@id":"https:\/\/www.bs4it.com.br\/#organization","name":"BS4IT Solu\u00e7\u00f5es","alternateName":"BS4IT","url":"https:\/\/www.bs4it.com.br\/","logo":{"@type":"ImageObject","inLanguage":"en-US","@id":"https:\/\/www.bs4it.com.br\/#\/schema\/logo\/image\/","url":"https:\/\/www.bs4it.com.br\/wp-content\/uploads\/2023\/09\/LOGO-BS4IT-NOVO-azul.png","contentUrl":"https:\/\/www.bs4it.com.br\/wp-content\/uploads\/2023\/09\/LOGO-BS4IT-NOVO-azul.png","width":600,"height":600,"caption":"BS4IT Solu\u00e7\u00f5es"},"image":{"@id":"https:\/\/www.bs4it.com.br\/#\/schema\/logo\/image\/"},"sameAs":["https:\/\/www.facebook.com\/BS4IT","https:\/\/www.linkedin.com\/company\/bs4it\/mycompany\/?viewAsMember=true","https:\/\/www.instagram.com\/BS4IT"]}]}},"_links":{"self":[{"href":"https:\/\/www.bs4it.com.br\/en\/wp-json\/wp\/v2\/pages\/15392","targetHints":{"allow":["GET"]}}],"collection":[{"href":"https:\/\/www.bs4it.com.br\/en\/wp-json\/wp\/v2\/pages"}],"about":[{"href":"https:\/\/www.bs4it.com.br\/en\/wp-json\/wp\/v2\/types\/page"}],"author":[{"embeddable":true,"href":"https:\/\/www.bs4it.com.br\/en\/wp-json\/wp\/v2\/users\/5"}],"replies":[{"embeddable":true,"href":"https:\/\/www.bs4it.com.br\/en\/wp-json\/wp\/v2\/comments?post=15392"}],"version-history":[{"count":4,"href":"https:\/\/www.bs4it.com.br\/en\/wp-json\/wp\/v2\/pages\/15392\/revisions"}],"predecessor-version":[{"id":15576,"href":"https:\/\/www.bs4it.com.br\/en\/wp-json\/wp\/v2\/pages\/15392\/revisions\/15576"}],"wp:attachment":[{"href":"https:\/\/www.bs4it.com.br\/en\/wp-json\/wp\/v2\/media?parent=15392"}],"curies":[{"name":"wp","href":"https:\/\/api.w.org\/{rel}","templated":true}]}}