{"id":15399,"date":"2025-04-08T10:10:00","date_gmt":"2025-04-08T13:10:00","guid":{"rendered":"https:\/\/www.bs4it.com.br\/?page_id=15399"},"modified":"2025-04-08T14:58:38","modified_gmt":"2025-04-08T17:58:38","slug":"executivo-de-vendas-senior-mg","status":"publish","type":"page","link":"https:\/\/www.bs4it.com.br\/en\/executivo-de-vendas-senior-mg\/","title":{"rendered":"Executivo de Vendas S\u00eanior (MG)"},"content":{"rendered":"\n[et_pb_section fb_built=&#8221;1&#8243; _builder_version=&#8221;4.20.4&#8243; _module_preset=&#8221;default&#8221; global_colors_info=&#8221;{}&#8221; theme_builder_area=&#8221;post_content&#8221;][et_pb_row _builder_version=&#8221;4.20.4&#8243; _module_preset=&#8221;default&#8221; global_colors_info=&#8221;{}&#8221; theme_builder_area=&#8221;post_content&#8221;][et_pb_column type=&#8221;4_4&#8243; _builder_version=&#8221;4.20.4&#8243; _module_preset=&#8221;default&#8221; global_colors_info=&#8221;{}&#8221; theme_builder_area=&#8221;post_content&#8221;][et_pb_post_title _builder_version=&#8221;4.27.4&#8243; _module_preset=&#8221;default&#8221; global_colors_info=&#8221;{}&#8221; theme_builder_area=&#8221;post_content&#8221;][\/et_pb_post_title][\/et_pb_column][\/et_pb_row][et_pb_row _builder_version=&#8221;4.20.4&#8243; _module_preset=&#8221;default&#8221; global_colors_info=&#8221;{}&#8221; theme_builder_area=&#8221;post_content&#8221;][et_pb_column type=&#8221;4_4&#8243; _builder_version=&#8221;4.20.4&#8243; _module_preset=&#8221;default&#8221; global_colors_info=&#8221;{}&#8221; theme_builder_area=&#8221;post_content&#8221;][et_pb_text _builder_version=&#8221;4.25.2&#8243; _module_preset=&#8221;default&#8221; custom_padding=&#8221;||0px|||&#8221; global_colors_info=&#8221;{}&#8221; theme_builder_area=&#8221;post_content&#8221;]<div class=\"et_pb_row et_pb_row_0\">\n<div class=\"et_pb_column et_pb_column_4_4 et_pb_column_0  et_pb_css_mix_blend_mode_passthrough et-last-child\">\n<div class=\"et_pb_module et_pb_text et_pb_text_0  et_pb_text_align_left et_pb_bg_layout_light\">\n<div class=\"et_pb_text_inner\">\n<h2><strong>Vaga para Uberl\u00e2ndia (MG)<\/strong><\/h2>\n<p>&nbsp;<\/p>\n<p>\u00a0ATIVIDADES:<\/p>\n<ul>\n<li>\n<p>O Executivo de Contas S\u00eanior atuar\u00e1 na gest\u00e3o e expans\u00e3o de contas estrat\u00e9gicas em Minas Gerais, preferencialmente na cidade de a Uberl\u00e2ndia. Ser\u00e1 respons\u00e1vel por liderar negocia\u00e7\u00f5es consultivas, identificar novas oportunidades de neg\u00f3cio e manter relacionamento pr\u00f3ximo com clientes corporativos, garantindo resultados sustent\u00e1veis e de longo prazo.<\/p>\n<p>&nbsp;<\/p>\n<p>Responsabilidades:<\/p>\n<ul>\n<li>Gerenciar e desenvolver uma carteira de clientes B2B, atuando de forma consultiva e estrat\u00e9gica;<\/li>\n<li>Identificar oportunidades de crescimento dentro da base de clientes (upsell, cross-sell e novas solu\u00e7\u00f5es);<\/li>\n<li>Conduzir reuni\u00f5es de diagn\u00f3stico e apresenta\u00e7\u00e3o de solu\u00e7\u00f5es tecnol\u00f3gicas da empresa;<\/li>\n<li>Elaborar propostas comerciais e conduzir negocia\u00e7\u00f5es de contratos de m\u00e9dio e grande porte;<\/li>\n<li>Trabalhar em conjunto com as \u00e1reas de Pr\u00e9-Vendas, Suporte T\u00e9cnico e Sucesso do Cliente para garantir entregas de alto valor;<\/li>\n<li>Monitorar KPIs de performance de vendas, pipeline e forecast de receita;<\/li>\n<li>Alimentar e manter atualizadas as informa\u00e7\u00f5es no Pipedrive, garantindo a precis\u00e3o dos dados e das previs\u00f5es de vendas;<\/li>\n<li>Representar a empresa em reuni\u00f5es externas, eventos e apresenta\u00e7\u00f5es estrat\u00e9gicas.<\/li>\n<\/ul>\n<p>&nbsp;<\/p>\n<p>Requisitos:<\/p>\n<ul>\n<li>Experi\u00eancia s\u00f3lida (m\u00ednimo 5 anos) em vendas consultivas de solu\u00e7\u00f5es ou servi\u00e7os de tecnologia.<\/li>\n<li>Hist\u00f3rico comprovado em gest\u00e3o de contas estrat\u00e9gicas e fechamento de neg\u00f3cios complexos.<\/li>\n<li>Dom\u00ednio do CRM Pipedrive e ferramentas de produtividade (Microsoft 365).<\/li>\n<li>Excelentes habilidades de comunica\u00e7\u00e3o, negocia\u00e7\u00e3o e relacionamento interpessoal.<\/li>\n<li>Perfil anal\u00edtico, proativo e com foco em metas e resultados.<\/li>\n<li>Disponibilidade para viagens e reuni\u00f5es presenciais com clientes, quando necess\u00e1rio.<\/li>\n<\/ul>\n<p>&nbsp;<\/p>\n<p>Diferenciais:<\/p>\n<\/li>\n<li>\n<p><span style=\"font-size: 14px;\">Conhecimentos competitivos das solu\u00e7\u00f5es como PURESTORAGE, HPE, ARUBA, FORTINET. MICROSOFT, SENTINELONE, AWS, VEEAM, VMWARE, PROXMOX e SAFETICA;<\/span><\/p>\n<\/li>\n<li><span style=\"font-size: 14px;\">Ingl\u00eas intermedi\u00e1rio ou avan\u00e7ado;<\/span><\/li>\n<li>Familiaridade com metodologias de vendas como SPIN Selling, Solution Selling ou similar;<span style=\"font-size: 14px;\"><\/span><\/li>\n<li>P\u00f3s-gradua\u00e7\u00e3o ou MBA em Gest\u00e3o comercial, Marketing ou Tecnologia.<\/li>\n<\/ul>\n<p>&nbsp;<\/p>\n<p>&nbsp;<\/p>\n<ul><\/ul>\n<\/div>\n<\/div>\n<\/div>\n<\/div>\n<div class=\"et_pb_row et_pb_row_1\">\n<div class=\"et_pb_column et_pb_column_4_4 et_pb_column_1  et_pb_css_mix_blend_mode_passthrough et-last-child\">\n<div class=\"et_pb_module et_pb_text et_pb_text_1  et_pb_text_align_left et_pb_bg_layout_light\">\n<div class=\"et_pb_text_inner\">\n<h1><span style=\"color: #0a0a0a;\">Benef\u00edcios<\/span><\/h1>\n<ul>\n<li><span style=\"color: #424242;\">Conv\u00eanio M\u00e9dico<\/span><\/li>\n<li><span style=\"color: #424242;\">Seguro de Vida em Grupo<\/span><\/li>\n<li><span style=\"color: #424242;\">Aux\u00edlio Creche<\/span><\/li>\n<li><span style=\"color: #424242;\">Flash (alimenta\u00e7\u00e3o e refei\u00e7\u00e3o)<\/span><\/li>\n<li><span style=\"color: #424242;\">Aux\u00edlio Transporte<\/span><\/li>\n<li><span style=\"color: #424242;\">Participa\u00e7\u00e3o nos Lucros da empresa (PLR)<\/span><\/li>\n<li><span style=\"color: #424242;\">Aux\u00edlio Certifica\u00e7\u00e3o<\/span><br \/><span style=\"color: #424242;\"><\/span><\/li>\n<li><span style=\"color: #424242;\">Totalpass<\/span><\/li>\n<li><span style=\"color: #424242;\">C4LIFE<\/span><\/li>\n<li><span style=\"color: #424242;\">CLUDE<\/span><\/li>\n<\/ul>\n<\/div>\n<\/div>\n<\/div>\n<\/div>[\/et_pb_text][\/et_pb_column][\/et_pb_row][\/et_pb_section]\n","protected":false},"excerpt":{"rendered":"<p>Vaga para Uberl\u00e2ndia (MG) &nbsp; \u00a0ATIVIDADES: O Executivo de Contas S\u00eanior atuar\u00e1 na gest\u00e3o e expans\u00e3o de contas estrat\u00e9gicas em Minas Gerais, preferencialmente na cidade de a Uberl\u00e2ndia. Ser\u00e1 respons\u00e1vel por liderar negocia\u00e7\u00f5es consultivas, identificar novas oportunidades de neg\u00f3cio e manter relacionamento pr\u00f3ximo com clientes corporativos, garantindo resultados sustent\u00e1veis e de longo prazo. &nbsp; Responsabilidades: [&hellip;]<\/p>\n","protected":false},"author":5,"featured_media":0,"parent":0,"menu_order":0,"comment_status":"closed","ping_status":"closed","template":"","meta":{"_et_pb_use_builder":"on","_et_pb_old_content":"<!-- wp:divi\/placeholder \/-->","_et_gb_content_width":"","footnotes":""},"class_list":["post-15399","page","type-page","status-publish","hentry"],"yoast_head":"<!-- This site is optimized with the Yoast SEO plugin v27.5 - https:\/\/yoast.com\/product\/yoast-seo-wordpress\/ -->\n<title>Executivo de Vendas S\u00eanior (MG) - BS4IT<\/title>\n<meta name=\"robots\" content=\"index, follow, max-snippet:-1, max-image-preview:large, max-video-preview:-1\" \/>\n<link rel=\"canonical\" href=\"https:\/\/www.bs4it.com.br\/en\/executivo-de-vendas-senior-mg\/\" \/>\n<meta property=\"og:locale\" content=\"en_US\" \/>\n<meta property=\"og:type\" content=\"article\" \/>\n<meta property=\"og:title\" content=\"Executivo de Vendas S\u00eanior (MG) - BS4IT\" \/>\n<meta property=\"og:description\" content=\"Vaga para Uberl\u00e2ndia (MG) &nbsp; \u00a0ATIVIDADES: O Executivo de Contas S\u00eanior atuar\u00e1 na gest\u00e3o e expans\u00e3o de contas estrat\u00e9gicas em Minas Gerais, preferencialmente na cidade de a Uberl\u00e2ndia. Ser\u00e1 respons\u00e1vel por liderar negocia\u00e7\u00f5es consultivas, identificar novas oportunidades de neg\u00f3cio e manter relacionamento pr\u00f3ximo com clientes corporativos, garantindo resultados sustent\u00e1veis e de longo prazo. &nbsp; Responsabilidades: [&hellip;]\" \/>\n<meta property=\"og:url\" content=\"https:\/\/www.bs4it.com.br\/en\/executivo-de-vendas-senior-mg\/\" \/>\n<meta property=\"og:site_name\" content=\"BS4IT\" \/>\n<meta property=\"article:publisher\" content=\"https:\/\/www.facebook.com\/BS4IT\" \/>\n<meta property=\"article:modified_time\" content=\"2025-04-08T17:58:38+00:00\" \/>\n<meta name=\"twitter:card\" content=\"summary_large_image\" \/>\n<meta name=\"twitter:label1\" content=\"Est. reading time\" \/>\n\t<meta name=\"twitter:data1\" content=\"2 minutes\" \/>\n<script type=\"application\/ld+json\" class=\"yoast-schema-graph\">{\"@context\":\"https:\\\/\\\/schema.org\",\"@graph\":[{\"@type\":\"WebPage\",\"@id\":\"https:\\\/\\\/www.bs4it.com.br\\\/executivo-de-vendas-senior-mg\\\/\",\"url\":\"https:\\\/\\\/www.bs4it.com.br\\\/executivo-de-vendas-senior-mg\\\/\",\"name\":\"Executivo de Vendas S\u00eanior (MG) - BS4IT\",\"isPartOf\":{\"@id\":\"https:\\\/\\\/www.bs4it.com.br\\\/#website\"},\"datePublished\":\"2025-04-08T13:10:00+00:00\",\"dateModified\":\"2025-04-08T17:58:38+00:00\",\"breadcrumb\":{\"@id\":\"https:\\\/\\\/www.bs4it.com.br\\\/executivo-de-vendas-senior-mg\\\/#breadcrumb\"},\"inLanguage\":\"en-US\",\"potentialAction\":[{\"@type\":\"ReadAction\",\"target\":[\"https:\\\/\\\/www.bs4it.com.br\\\/executivo-de-vendas-senior-mg\\\/\"]}]},{\"@type\":\"BreadcrumbList\",\"@id\":\"https:\\\/\\\/www.bs4it.com.br\\\/executivo-de-vendas-senior-mg\\\/#breadcrumb\",\"itemListElement\":[{\"@type\":\"ListItem\",\"position\":1,\"name\":\"In\u00edcio\",\"item\":\"https:\\\/\\\/www.bs4it.com.br\\\/\"},{\"@type\":\"ListItem\",\"position\":2,\"name\":\"Executivo de Vendas S\u00eanior (MG)\"}]},{\"@type\":\"WebSite\",\"@id\":\"https:\\\/\\\/www.bs4it.com.br\\\/#website\",\"url\":\"https:\\\/\\\/www.bs4it.com.br\\\/\",\"name\":\"BS4IT\",\"description\":\"NOSSA EXPERI\u00caNCIA A FAVOR DO SEU NEG\u00d3CIO\",\"publisher\":{\"@id\":\"https:\\\/\\\/www.bs4it.com.br\\\/#organization\"},\"potentialAction\":[{\"@type\":\"SearchAction\",\"target\":{\"@type\":\"EntryPoint\",\"urlTemplate\":\"https:\\\/\\\/www.bs4it.com.br\\\/?s={search_term_string}\"},\"query-input\":{\"@type\":\"PropertyValueSpecification\",\"valueRequired\":true,\"valueName\":\"search_term_string\"}}],\"inLanguage\":\"en-US\"},{\"@type\":\"Organization\",\"@id\":\"https:\\\/\\\/www.bs4it.com.br\\\/#organization\",\"name\":\"BS4IT Solu\u00e7\u00f5es\",\"alternateName\":\"BS4IT\",\"url\":\"https:\\\/\\\/www.bs4it.com.br\\\/\",\"logo\":{\"@type\":\"ImageObject\",\"inLanguage\":\"en-US\",\"@id\":\"https:\\\/\\\/www.bs4it.com.br\\\/#\\\/schema\\\/logo\\\/image\\\/\",\"url\":\"https:\\\/\\\/www.bs4it.com.br\\\/wp-content\\\/uploads\\\/2023\\\/09\\\/LOGO-BS4IT-NOVO-azul.png\",\"contentUrl\":\"https:\\\/\\\/www.bs4it.com.br\\\/wp-content\\\/uploads\\\/2023\\\/09\\\/LOGO-BS4IT-NOVO-azul.png\",\"width\":600,\"height\":600,\"caption\":\"BS4IT Solu\u00e7\u00f5es\"},\"image\":{\"@id\":\"https:\\\/\\\/www.bs4it.com.br\\\/#\\\/schema\\\/logo\\\/image\\\/\"},\"sameAs\":[\"https:\\\/\\\/www.facebook.com\\\/BS4IT\",\"https:\\\/\\\/www.linkedin.com\\\/company\\\/bs4it\\\/mycompany\\\/?viewAsMember=true\",\"https:\\\/\\\/www.instagram.com\\\/BS4IT\"]}]}<\/script>\n<!-- \/ Yoast SEO plugin. -->","yoast_head_json":{"title":"Executivo de Vendas S\u00eanior (MG) - BS4IT","robots":{"index":"index","follow":"follow","max-snippet":"max-snippet:-1","max-image-preview":"max-image-preview:large","max-video-preview":"max-video-preview:-1"},"canonical":"https:\/\/www.bs4it.com.br\/en\/executivo-de-vendas-senior-mg\/","og_locale":"en_US","og_type":"article","og_title":"Executivo de Vendas S\u00eanior (MG) - BS4IT","og_description":"Vaga para Uberl\u00e2ndia (MG) &nbsp; \u00a0ATIVIDADES: O Executivo de Contas S\u00eanior atuar\u00e1 na gest\u00e3o e expans\u00e3o de contas estrat\u00e9gicas em Minas Gerais, preferencialmente na cidade de a Uberl\u00e2ndia. Ser\u00e1 respons\u00e1vel por liderar negocia\u00e7\u00f5es consultivas, identificar novas oportunidades de neg\u00f3cio e manter relacionamento pr\u00f3ximo com clientes corporativos, garantindo resultados sustent\u00e1veis e de longo prazo. &nbsp; Responsabilidades: [&hellip;]","og_url":"https:\/\/www.bs4it.com.br\/en\/executivo-de-vendas-senior-mg\/","og_site_name":"BS4IT","article_publisher":"https:\/\/www.facebook.com\/BS4IT","article_modified_time":"2025-04-08T17:58:38+00:00","twitter_card":"summary_large_image","twitter_misc":{"Est. reading time":"2 minutes"},"schema":{"@context":"https:\/\/schema.org","@graph":[{"@type":"WebPage","@id":"https:\/\/www.bs4it.com.br\/executivo-de-vendas-senior-mg\/","url":"https:\/\/www.bs4it.com.br\/executivo-de-vendas-senior-mg\/","name":"Executivo de Vendas S\u00eanior (MG) - BS4IT","isPartOf":{"@id":"https:\/\/www.bs4it.com.br\/#website"},"datePublished":"2025-04-08T13:10:00+00:00","dateModified":"2025-04-08T17:58:38+00:00","breadcrumb":{"@id":"https:\/\/www.bs4it.com.br\/executivo-de-vendas-senior-mg\/#breadcrumb"},"inLanguage":"en-US","potentialAction":[{"@type":"ReadAction","target":["https:\/\/www.bs4it.com.br\/executivo-de-vendas-senior-mg\/"]}]},{"@type":"BreadcrumbList","@id":"https:\/\/www.bs4it.com.br\/executivo-de-vendas-senior-mg\/#breadcrumb","itemListElement":[{"@type":"ListItem","position":1,"name":"In\u00edcio","item":"https:\/\/www.bs4it.com.br\/"},{"@type":"ListItem","position":2,"name":"Executivo de Vendas S\u00eanior (MG)"}]},{"@type":"WebSite","@id":"https:\/\/www.bs4it.com.br\/#website","url":"https:\/\/www.bs4it.com.br\/","name":"BS4IT","description":"NOSSA EXPERI\u00caNCIA A FAVOR DO SEU NEG\u00d3CIO","publisher":{"@id":"https:\/\/www.bs4it.com.br\/#organization"},"potentialAction":[{"@type":"SearchAction","target":{"@type":"EntryPoint","urlTemplate":"https:\/\/www.bs4it.com.br\/?s={search_term_string}"},"query-input":{"@type":"PropertyValueSpecification","valueRequired":true,"valueName":"search_term_string"}}],"inLanguage":"en-US"},{"@type":"Organization","@id":"https:\/\/www.bs4it.com.br\/#organization","name":"BS4IT Solu\u00e7\u00f5es","alternateName":"BS4IT","url":"https:\/\/www.bs4it.com.br\/","logo":{"@type":"ImageObject","inLanguage":"en-US","@id":"https:\/\/www.bs4it.com.br\/#\/schema\/logo\/image\/","url":"https:\/\/www.bs4it.com.br\/wp-content\/uploads\/2023\/09\/LOGO-BS4IT-NOVO-azul.png","contentUrl":"https:\/\/www.bs4it.com.br\/wp-content\/uploads\/2023\/09\/LOGO-BS4IT-NOVO-azul.png","width":600,"height":600,"caption":"BS4IT Solu\u00e7\u00f5es"},"image":{"@id":"https:\/\/www.bs4it.com.br\/#\/schema\/logo\/image\/"},"sameAs":["https:\/\/www.facebook.com\/BS4IT","https:\/\/www.linkedin.com\/company\/bs4it\/mycompany\/?viewAsMember=true","https:\/\/www.instagram.com\/BS4IT"]}]}},"_links":{"self":[{"href":"https:\/\/www.bs4it.com.br\/en\/wp-json\/wp\/v2\/pages\/15399","targetHints":{"allow":["GET"]}}],"collection":[{"href":"https:\/\/www.bs4it.com.br\/en\/wp-json\/wp\/v2\/pages"}],"about":[{"href":"https:\/\/www.bs4it.com.br\/en\/wp-json\/wp\/v2\/types\/page"}],"author":[{"embeddable":true,"href":"https:\/\/www.bs4it.com.br\/en\/wp-json\/wp\/v2\/users\/5"}],"replies":[{"embeddable":true,"href":"https:\/\/www.bs4it.com.br\/en\/wp-json\/wp\/v2\/comments?post=15399"}],"version-history":[{"count":4,"href":"https:\/\/www.bs4it.com.br\/en\/wp-json\/wp\/v2\/pages\/15399\/revisions"}],"predecessor-version":[{"id":15405,"href":"https:\/\/www.bs4it.com.br\/en\/wp-json\/wp\/v2\/pages\/15399\/revisions\/15405"}],"wp:attachment":[{"href":"https:\/\/www.bs4it.com.br\/en\/wp-json\/wp\/v2\/media?parent=15399"}],"curies":[{"name":"wp","href":"https:\/\/api.w.org\/{rel}","templated":true}]}}