{"id":160,"date":"2022-12-14T17:12:05","date_gmt":"2022-12-14T20:12:05","guid":{"rendered":"https:\/\/dev.bs4it.com.br\/?page_id=160"},"modified":"2024-03-17T19:12:46","modified_gmt":"2024-03-17T22:12:46","slug":"politica-de-cookie","status":"publish","type":"page","link":"https:\/\/www.bs4it.com.br\/en\/politica-de-cookie\/","title":{"rendered":"Cookie Policy"},"content":{"rendered":"<p>[et_pb_section fb_built=&#8221;1&#8243; _builder_version=&#8221;4.24.2&#8243; _module_preset=&#8221;default&#8221; hover_enabled=&#8221;0&#8243; global_colors_info=&#8221;{}&#8221; background_color=&#8221;#06034b&#8221; sticky_enabled=&#8221;0&#8243;][et_pb_row _builder_version=&#8221;4.18.0&#8243; _module_preset=&#8221;default&#8221; global_colors_info=&#8221;{}&#8221;][et_pb_column type=&#8221;4_4&#8243; _builder_version=&#8221;4.18.0&#8243; _module_preset=&#8221;default&#8221; global_colors_info=&#8221;{}&#8221;][et_pb_text _builder_version=&#8221;4.24.2&#8243; _module_preset=&#8221;default&#8221; hover_enabled=&#8221;0&#8243; global_colors_info=&#8221;{}&#8221; header_text_color=&#8221;#FFFFFF&#8221; text_text_color=&#8221;#FFFFFF&#8221; sticky_enabled=&#8221;0&#8243;]<\/p>\n<p>O que \u00e9 um cookie?<\/p>\n<p>&nbsp;<\/p>\n<p>Um cookie \u00e9 um dado que o website solicita ao seu navegador e que \u00e9 armazenado na forma de um arquivo no seu computador ou dispositivo m\u00f3vel. O cookie permite que o website \u201clembre\u201d suas a\u00e7\u00f5es ou prefer\u00eancias ao longo do tempo.<\/p>\n<p>&nbsp;<\/p>\n<p>A maioria dos navegadores da Internet aceitam cookies. Mesmo assim, voc\u00ea pode configurar seus navegadores para recusar certos tipos de cookies ou cookies espec\u00edficos. Al\u00e9m disso, voc\u00ea pode apagar os cookies a qualquer momento num determinado navegador ou em v\u00e1rios.<\/p>\n<p>&nbsp;<\/p>\n<p>Esta pol\u00edtica aplica-se ao(s) dom\u00ednio(s):<\/p>\n<ul>\n<li><strong>https:\/\/bs4it.com.br<\/strong><\/li>\n<\/ul>\n<p>&nbsp;<\/p>\n<p><a name=\"_Toc103179904\"><\/a>Como os cookies s\u00e3o usados?<\/p>\n<p>&nbsp;<\/p>\n<p>Os cookies servem para entender e lembrar como voc\u00ea interage com o conte\u00fado deste website, assim como para melhorar sua experi\u00eancia ao visitar o nosso website.<\/p>\n<p>Exemplo: alguns cookies podem lembrar o seu idioma ou prefer\u00eancias para que voc\u00ea n\u00e3o tenha que efetuar estas escolhas repetidamente sempre que visitar um dos nossos websites.<\/p>\n<p>Os cookies podem tamb\u00e9m permitir eventualmente que seja oferecido um conte\u00fado espec\u00edfico, tais como v\u00eddeos ou textos ou imagens.<\/p>\n<p>&nbsp;<\/p>\n<p><a name=\"_Toc103179905\"><\/a>Quais os tipos de Cookies utilizados?<\/p>\n<p>&nbsp;<\/p>\n<p><a name=\"_Toc103179906\"><\/a>Cookies Prim\u00e1rios e Cookies de Terceiros<\/p>\n<p>&nbsp;<\/p>\n<p>Utilizamos tanto cookies prim\u00e1rios quanto cookies de terceiros no nosso website.<\/p>\n<p>&nbsp;<\/p>\n<p>Cookies prim\u00e1rios s\u00e3o cookies emitidos pelo dom\u00ednio do nosso website e geralmente s\u00e3o utilizados para identificar prefer\u00eancias locais ou facilitar a funcionalidade b\u00e1sica do site.<\/p>\n<p>&nbsp;<\/p>\n<p>Cookies de terceiros pertencem e s\u00e3o administrados por outras empresas, parceiras de neg\u00f3cios da nossa empresa ou provedores de servi\u00e7os. Estes cookies podem ser necess\u00e1rios para produzir certos formul\u00e1rios, ou permitir alguma propaganda fora do nosso website.<\/p>\n<p>&nbsp;<\/p>\n<p><a name=\"_Toc103179907\"><\/a>Cookies da Sess\u00e3o<\/p>\n<p>&nbsp;<\/p>\n<p>Cookies da sess\u00e3o s\u00e3o cookies tempor\u00e1rios que s\u00e3o utilizados para lembrar de voc\u00ea durante o curso da sua visita ao website, e eles perdem a validade quando voc\u00ea fecha o navegador.<\/p>\n<p>&nbsp;<\/p>\n<p><a name=\"_Toc103179908\"><\/a>Cookies Persistentes<\/p>\n<p>&nbsp;<\/p>\n<p>Cookies persistentes s\u00e3o utilizados para lembrar suas prefer\u00eancias do website e permanecem no seu desktop ou dispositivo m\u00f3vel mesmo depois de voc\u00ea fechar o seu navegador ou efetuar uma reinicializa\u00e7\u00e3o. Usamos estes cookies para analisar o comportamento do usu\u00e1rio e estabelecer padr\u00f5es, de modo que possamos melhorar a funcionalidade do nosso website para voc\u00ea e outros que visitam o nosso website. Estes cookies tamb\u00e9m permitem que possamos eventualmente oferecer an\u00fancios segmentados e medir a efic\u00e1cia do nosso site e a funcionalidade de tais an\u00fancios.<\/p>\n<p>&nbsp;<\/p>\n<p><a name=\"_Toc103179909\"><\/a>Como os Cookies s\u00e3o usados para an\u00fancios?<\/p>\n<p>&nbsp;<\/p>\n<p>Cookies e tecnologias de an\u00fancios tais como \u2018web beacons\u2019, \u2018pixels\u2019 e \u2018tags\u2019 de redes de an\u00fancios nos ajudam a oferecer an\u00fancios relevantes de forma mais eficaz. Eles tamb\u00e9m nos ajudam a coletar dados consolidados para fins de auditorias, pesquisas e relat\u00f3rios de desempenho para anunciantes. Os pixels permitem que compreendamos e possamos melhorar a oferta de an\u00fancios para voc\u00ea, e permitem ainda saber quando determinados an\u00fancios j\u00e1 foram apresentados a voc\u00ea. Como o seu navegador pode requisitar an\u00fancios e \u2018web beacons\u2019 diretamente de servidores de rede de an\u00fancios, estas redes podem visualizar, editar ou configurar seus pr\u00f3prios cookies, como se voc\u00ea tivesse acessado uma p\u00e1gina web do site deles.<\/p>\n<p>&nbsp;<\/p>\n<p>Embora n\u00f3s n\u00e3o utilizemos cookies para criar um perfil do seu comportamento de navega\u00e7\u00e3o em sites de terceiros, n\u00f3s utilizamos informa\u00e7\u00f5es consolidadas de tais terceiros para mostrar a voc\u00ea an\u00fancios relevantes, com base nos seus interesses. N\u00e3o fornecemos qualquer informa\u00e7\u00e3o que coletamos para anunciantes. Voc\u00ea pode optar por n\u00e3o ver an\u00fancios fora do site e ou de terceiros, ajustando a sua configura\u00e7\u00e3o de cookies. Isso n\u00e3o remover\u00e1 os an\u00fancios das p\u00e1ginas que voc\u00ea visita, mas, ao inv\u00e9s disso, esta escolha resultar\u00e1 em an\u00fancios que n\u00e3o s\u00e3o baseados nos seus interesses. Isto implica em que os an\u00fancios que voc\u00ea visualiza n\u00e3o ser\u00e3o combinados com os seus interesses por aqueles cookies espec\u00edficos.<\/p>\n<p>&nbsp;<\/p>\n<p><a name=\"_Toc103179910\"><\/a>Como os Cookies de terceiros s\u00e3o usados?<\/p>\n<p>&nbsp;<\/p>\n<p>Para algumas das fun\u00e7\u00f5es dentro do nosso website usamos fornecedores terceirizados, por exemplo, quando voc\u00ea visita uma p\u00e1gina com um v\u00eddeo incorporado ou proveniente do Facebook. Estes v\u00eddeos ou links (e qualquer outro conte\u00fado de fornecedores terceirizados) podem conter cookies de terceiros, e n\u00f3s recomendamos consultar as pol\u00edticas de privacidade destes terceiros nos seus websites para informa\u00e7\u00f5es relativas \u00e0 sua utiliza\u00e7\u00e3o de cookies.<\/p>\n<p>&nbsp;<\/p>\n<p><a name=\"_Toc103179911\"><\/a>Como eu rejeito ou apago Cookies?<\/p>\n<p>&nbsp;<\/p>\n<p>Voc\u00ea pode escolher rejeitar ou bloquear todos ou tipos espec\u00edficos de cookies configurados atrav\u00e9s da sua visita ao nosso website ao clicar nas prefer\u00eancias de cookies no nosso website. Voc\u00ea pode modificar as suas prefer\u00eancias para o nosso website e\/ou os websites de terceiros alterando as configura\u00e7\u00f5es do seu navegador.<\/p>\n<p>&nbsp;<\/p>\n<p>Favor observar que a maioria dos navegadores aceitam cookies automaticamente. Portanto, se voc\u00ea n\u00e3o quiser que cookies sejam utilizados, voc\u00ea tem que apagar ou bloquear cookies ativamente. Se voc\u00ea rejeitar a utiliza\u00e7\u00e3o de cookies, voc\u00ea poder\u00e1 visitar o nosso website, mas algumas das fun\u00e7\u00f5es poder\u00e3o n\u00e3o funcionar corretamente. Ao utilizar o nosso website sem apagar ou rejeitar alguns ou todos os cookies, voc\u00ea concorda que podemos posicionar aqueles cookies que voc\u00ea n\u00e3o apagou ou rejeitou nos seus dispositivos.<\/p>\n<p>&nbsp;<\/p>\n<p>Voc\u00ea tamb\u00e9m poder\u00e1 visitar wikipedia.org, www.allaboutcookies.org para mais detalhes sobre como apagar ou rejeitar cookies e para obter informa\u00e7\u00f5es adicionais sobre cookies em geral.<\/p>\n<p>&nbsp;<\/p>\n<p><a name=\"_Toc103179912\"><\/a>Site bs4it.com.br \u2013 Lista de cookies<\/p>\n<p>&nbsp;<\/p>\n<p>Listar abaixo os cookies usados no site, com o prazo de reten\u00e7\u00e3o e a finalidade de cada um.<\/p>\n<p>&nbsp;<\/p>\n<p>&nbsp;<\/p>\n<table width=\"731\">\n<tbody>\n<tr>\n<td width=\"115\"><strong>Cookies<\/strong><\/td>\n<td width=\"330\"><strong>Descri\u00e7\u00e3o<\/strong><\/td>\n<td width=\"96\"><strong>Reten\u00e7\u00e3o<\/strong><\/td>\n<td width=\"96\"><strong>Categoria<\/strong><\/td>\n<td width=\"96\"><strong>Pol\u00edtica de privacidade espec\u00edfica<\/strong><\/td>\n<\/tr>\n<tr>\n<td width=\"115\">\n<p>YouTube:<\/p>\n<p>CONTENTyoutu.beCONTENTyoutube.com<\/p>\n<p>&nbsp;<\/p>\n<p>&nbsp;<\/p>\n<p>__Secure-YEC<\/p>\n<p>&nbsp;<\/p>\n<p>VISITOR_INFO1_LIVE<\/p>\n<p>YSC<\/p>\n<p>&nbsp;<\/p>\n<p>yt.innertube::nextId<\/p>\n<p>yt.innertube::requests<\/p>\n<p>ytidb::LAST_RESULT_ENTRY_KEY<\/p>\n<p>yt-remote-cast-available<\/p>\n<p>yt-remote-cast-installed<\/p>\n<p>yt-remote-connected-devices<\/p>\n<p>yt-remote-device-id<\/p>\n<p>yt-remote-fast-check-period<\/p>\n<p>yt-remote-session-app<\/p>\n<p>yt-remote-session-name<\/p>\n<p>&nbsp;<\/p>\n<\/td>\n<td width=\"330\">\n<p>&nbsp;<\/p>\n<p>N\u00f3s incorporamos v\u00eddeos ou inserimos links para v\u00eddeos no YouTube no(s) nosso(s) website(s). Como resultado, quando voc\u00ea visita uma p\u00e1gina com conte\u00fado incorporado ou com link para YouTube voc\u00ea poder\u00e1 receber cookies do YouTube.<\/p>\n<p>&nbsp;<\/p>\n<p>&nbsp;<\/p>\n<p>Estima a banda Internet do visitante nas p\u00e1ginas com v\u00eddeos YouTube<\/p>\n<p>Registra um ID \u00fanico do visitante para as estat\u00edsticas de uso<\/p>\n<p>Registra um ID \u00fanico do visitante para as estat\u00edsticas de uso<\/p>\n<p>Registra um ID \u00fanico do visitante para as estat\u00edsticas de uso<\/p>\n<p>Armazena a prefer\u00eancia de leitor de v\u00eddeo para os v\u00eddeos inclusos<\/p>\n<p>Armazena a prefer\u00eancia de leitor de v\u00eddeo para os v\u00eddeos inclusos<\/p>\n<p>Armazena a prefer\u00eancia de leitor de v\u00eddeo para os v\u00eddeos inclusos<\/p>\n<p>Armazena a prefer\u00eancia de leitor de v\u00eddeo para os v\u00eddeos inclusos<\/p>\n<p>Armazena a prefer\u00eancia de leitor de v\u00eddeo para os v\u00eddeos inclusos<\/p>\n<p>Armazena a prefer\u00eancia de leitor de v\u00eddeo para os v\u00eddeos inclusos<\/p>\n<p>Armazena a prefer\u00eancia de leitor de v\u00eddeo para os v\u00eddeos inclusos<\/p>\n<p>Armazena a prefer\u00eancia de leitor de v\u00eddeo para os v\u00eddeos inclusos<\/p>\n<p>&nbsp;<\/p>\n<\/td>\n<td width=\"96\">\n<p>&nbsp;<\/p>\n<p>2 anos<\/p>\n<p>2 anos<\/p>\n<p>&nbsp;<\/p>\n<p>&nbsp;<\/p>\n<p>&nbsp;<\/p>\n<p>13 meses<\/p>\n<p>&nbsp;<\/p>\n<p>179 dias<\/p>\n<p>&nbsp;<\/p>\n<p>Sess\u00e3o<\/p>\n<p>&nbsp;<\/p>\n<p>Persistente<\/p>\n<p>&nbsp;<\/p>\n<p>Persistente<\/p>\n<p>&nbsp;<\/p>\n<p>Persistente<\/p>\n<p>&nbsp;<\/p>\n<p>Sess\u00e3o<\/p>\n<p>&nbsp;<\/p>\n<p>Sess\u00e3o<\/p>\n<p>&nbsp;<\/p>\n<p>Persistente<\/p>\n<p>&nbsp;<\/p>\n<p>Persistente<\/p>\n<p>&nbsp;<\/p>\n<p>Sess\u00e3o<\/p>\n<p>&nbsp;<\/p>\n<p>Sess\u00e3o<\/p>\n<p>&nbsp;<\/p>\n<p>Sess\u00e3o<\/p>\n<\/td>\n<td width=\"96\">\n<p>&nbsp;<\/p>\n<p>Necess\u00e1rios<\/p>\n<p>Necess\u00e1rios<\/p>\n<p>&nbsp;<\/p>\n<p>&nbsp;<\/p>\n<p>&nbsp;<\/p>\n<p>Marketing<\/p>\n<p>&nbsp;<\/p>\n<p>Marketing<\/p>\n<p>&nbsp;<\/p>\n<p>Marketing<\/p>\n<p>&nbsp;<\/p>\n<p>Marketing<\/p>\n<p>&nbsp;<\/p>\n<p>Marketing<\/p>\n<p>&nbsp;<\/p>\n<p>Marketing<\/p>\n<p>&nbsp;<\/p>\n<p>Marketing<\/p>\n<p>&nbsp;<\/p>\n<p>Marketing<\/p>\n<p>&nbsp;<\/p>\n<p>Marketing<\/p>\n<p>&nbsp;<\/p>\n<p>Marketing<\/p>\n<p>&nbsp;<\/p>\n<p>Marketing<\/p>\n<p>&nbsp;<\/p>\n<p>Marketing<\/p>\n<p>&nbsp;<\/p>\n<p>Marketing<\/p>\n<p>&nbsp;<\/p>\n<\/td>\n<td width=\"96\"><a href=\"https:\/\/www.youtube.com\/howyoutubeworks\/user-settings\/privacy\/\">https:\/\/www.youtube.com\/howyoutubeworks\/user-settings\/privacy\/<\/a><\/td>\n<\/tr>\n<tr>\n<td width=\"115\">Doubleclick.net<\/td>\n<td width=\"330\">Este cookie verifica se o navegador do visitante aceita os cookies. \u00c9 utilizado para as propagandas do Google<\/td>\n<td width=\"96\">1 dia<\/td>\n<td width=\"96\">Necess\u00e1rios<\/td>\n<td width=\"96\"><a href=\"https:\/\/support.google.com\/ads\/answer\/2662922?hl=en\">https:\/\/support.google.com\/ads\/answer\/2662922?hl=en<\/a><\/td>\n<\/tr>\n<tr>\n<td width=\"115\">\n<p>Cookies LinkedIn:<\/p>\n<p>li_gc<\/p>\n<p>&nbsp;<\/p>\n<p>lang<\/p>\n<p>&nbsp;<\/p>\n<p>AnalyticsSyncHistory<\/p>\n<p>Bcookie<\/p>\n<p>Bscookie<\/p>\n<p>Lidc<\/p>\n<p>Lang<\/p>\n<p>UserMatchHistory<\/p>\n<\/td>\n<td width=\"330\">\n<p>&nbsp;<\/p>\n<p>Este cookie armazena o status do consentimento do visitante referente aos cookies<\/p>\n<p>Este cookie permite lembrar o idioma utilizado pelo visitante no site<\/p>\n<p>Utilizado para a sincroniza\u00e7\u00e3o de dados com o servi\u00e7o de an\u00e1lise de terceiro<\/p>\n<p>Rastreia o uso dos servi\u00e7os embutidos<\/p>\n<p>Rastreia o uso dos servi\u00e7os embutidos<\/p>\n<p>Rastreia o uso dos servi\u00e7os embutidos<\/p>\n<p>Utilizado quando h\u00e1 um link \u201cFollow Us\u201d numa p\u00e1gina<\/p>\n<p>Impede as falsas requisi\u00e7\u00f5es<span>\u00a0<\/span><em>cross-script<\/em><span>\u00a0<\/span>para uma maior seguran\u00e7a<\/p>\n<p>&nbsp;<\/p>\n<\/td>\n<td width=\"96\">\n<p>&nbsp;<\/p>\n<p>2 anos<\/p>\n<p>&nbsp;<\/p>\n<p>Sess\u00e3o<\/p>\n<p>&nbsp;<\/p>\n<p>29 dias<\/p>\n<p>&nbsp;<\/p>\n<p>2 anos<\/p>\n<p>2 anos<\/p>\n<p>1 dia<\/p>\n<p>Sess\u00e3o<\/p>\n<p>29 dias<\/p>\n<\/td>\n<td width=\"96\">\n<p>&nbsp;<\/p>\n<p>Necess\u00e1rios<\/p>\n<p>&nbsp;<\/p>\n<p>Prefer\u00eancias<\/p>\n<p>&nbsp;<\/p>\n<p>Estat\u00edsticas<\/p>\n<p>&nbsp;<\/p>\n<p>Marketing<\/p>\n<p>Marketing<\/p>\n<p>Marketing<\/p>\n<p>Marketing<\/p>\n<p>Marketing<\/p>\n<p>&nbsp;<\/p>\n<\/td>\n<td width=\"96\"><a href=\"https:\/\/www.linkedin.com\/legal\/privacy-policy\">https:\/\/www.linkedin.com\/legal\/privacy-policy<\/a><\/td>\n<\/tr>\n<tr>\n<td width=\"115\">\n<p>Cookies Google:<\/p>\n<p>_ga<\/p>\n<p>&nbsp;<\/p>\n<p>_ga_#<\/p>\n<p>&nbsp;<\/p>\n<p>_gat<\/p>\n<p>_gid<\/p>\n<p>&nbsp;<\/p>\n<p>_hjAbsoluteSessionInProgress<\/p>\n<p>_hjFirstSeen<\/p>\n<p>_hjIncludedInPageviewSample<\/p>\n<p>_hjSessionUser_#<\/p>\n<p>&nbsp;<\/p>\n<p>&nbsp;<\/p>\n<p>&nbsp;<\/p>\n<\/td>\n<td width=\"330\">\n<p>&nbsp;<\/p>\n<p>Registra um ID \u00fanico do visitante para gravar estat\u00edsticas de uso do site pelo visitante<\/p>\n<p>Coleta a quantidade de vezes que um visitante entrou no site, com a data de primeira e \u00faltima consulta<\/p>\n<p>Aumenta a taxa de requisi\u00e7\u00f5es<\/p>\n<p>Registra um ID \u00fanico do visitante para gravar estat\u00edsticas de uso do site pelo visitante<\/p>\n<p>Registra quantos visitantes \u00fanicos consultaram o site (com o uso de um ID \u00fanico para cada visitante)<\/p>\n<p>Define se o visitante j\u00e1 consultou o site ou se \u00e9 novo<\/p>\n<p>Detecta se a navega\u00e7\u00e3o e as intera\u00e7\u00f5es do visitante fazem parte dos dados estat\u00edsticos<\/p>\n<p>Coleta as estat\u00edsticas do visitante tais como quantidade de consultas, tempo m\u00e9dio e p\u00e1ginas vistas<\/p>\n<p>&nbsp;<\/p>\n<\/td>\n<td width=\"96\">\n<p>&nbsp;<\/p>\n<p>2 anos<\/p>\n<p>&nbsp;<\/p>\n<p>2 anos<\/p>\n<p>&nbsp;<\/p>\n<p>1 dia<\/p>\n<p>1 dia<\/p>\n<p>&nbsp;<\/p>\n<p>1 dia<\/p>\n<p>&nbsp;<\/p>\n<p>1 dia<\/p>\n<p>1 dia<\/p>\n<p>&nbsp;<\/p>\n<p>1 ano<\/p>\n<p>&nbsp;<\/p>\n<p>&nbsp;<\/p>\n<p>&nbsp;<\/p>\n<\/td>\n<td width=\"96\">Estat\u00edsticas<\/td>\n<td width=\"96\"><a href=\"https:\/\/support.google.com\/ads\/answer\/2662922?hl=en\">https:\/\/support.google.com\/ads\/answer\/2662922?hl=en<\/a><\/td>\n<\/tr>\n<tr>\n<td width=\"115\">\n<p>Hotjar.com:<\/p>\n<p>_hjTLDTest<\/p>\n<p>&nbsp;<\/p>\n<\/td>\n<td width=\"330\">\n<p>&nbsp;<\/p>\n<p>Registra os dados estat\u00edsticos do comportamento do usu\u00e1rio no site, para uso interno do gestor do site<\/p>\n<p>&nbsp;<\/p>\n<\/td>\n<td width=\"96\">\n<p>&nbsp;<\/p>\n<p>Sess\u00e3o<\/p>\n<\/td>\n<td width=\"96\">Estat\u00edsticas<\/td>\n<td width=\"96\"><\/td>\n<\/tr>\n<tr>\n<td width=\"115\">\n<p>Cookies Google:<\/p>\n<p>_gcl_au<\/p>\n<p>&nbsp;<\/p>\n<p>IDE<\/p>\n<p>&nbsp;<\/p>\n<p>pagead\/1p-conversion\/#<\/p>\n<p>pagead\/1p-user-list\/#<\/p>\n<p>&nbsp;<\/p>\n<p>pagead\/viewthroughconversion\/919257505<\/p>\n<p>&nbsp;<\/p>\n<\/td>\n<td width=\"330\">\n<p>&nbsp;<\/p>\n<p>Permite que o Google Adsense experimente a efici\u00eancia das propagandas em v\u00e1rios sites web<\/p>\n<p>Registra e reporta as a\u00e7\u00f5es do usu\u00e1rio do site ap\u00f3s ter clicado numa propaganda<\/p>\n<p>Script interno<\/p>\n<p>&nbsp;<\/p>\n<p>Rastreia o interesse do usu\u00e1rio em determinados produtos em v\u00e1rios sites e detecta como o usu\u00e1rio navega entre os sites<\/p>\n<p>Script interno<\/p>\n<p>&nbsp;<\/p>\n<p>&nbsp;<\/p>\n<\/td>\n<td width=\"96\">\n<p>&nbsp;<\/p>\n<p>3 meses<\/p>\n<p>&nbsp;<\/p>\n<p>1 ano<\/p>\n<p>&nbsp;<\/p>\n<p>Sess\u00e3o<\/p>\n<p>&nbsp;<\/p>\n<p>Sess\u00e3o<\/p>\n<p>&nbsp;<\/p>\n<p>&nbsp;<\/p>\n<p>Sess\u00e3o<\/p>\n<\/td>\n<td width=\"96\">Marketing<\/td>\n<td width=\"96\"><a href=\"https:\/\/support.google.com\/ads\/answer\/2662922?hl=en\">https:\/\/support.google.com\/ads\/answer\/2662922?hl=en<\/a><\/td>\n<\/tr>\n<\/tbody>\n<\/table>\n<p>[\/et_pb_text][\/et_pb_column][\/et_pb_row][\/et_pb_section]<\/p>\n","protected":false},"excerpt":{"rendered":"<p>O que \u00e9 um cookie? &nbsp; Um cookie \u00e9 um dado que o website solicita ao seu navegador e que \u00e9 armazenado na forma de um arquivo no seu computador ou dispositivo m\u00f3vel. O cookie permite que o website \u201clembre\u201d suas a\u00e7\u00f5es ou prefer\u00eancias ao longo do tempo. &nbsp; A maioria dos navegadores da Internet [&hellip;]<\/p>\n","protected":false},"author":1,"featured_media":0,"parent":0,"menu_order":0,"comment_status":"closed","ping_status":"closed","template":"","meta":{"_et_pb_use_builder":"on","_et_pb_old_content":"","_et_gb_content_width":"","footnotes":""},"class_list":["post-160","page","type-page","status-publish","hentry"],"yoast_head":"<!-- This site is optimized with the Yoast SEO plugin v27.4 - https:\/\/yoast.com\/product\/yoast-seo-wordpress\/ -->\n<title>Pol\u00edtica de Cookie - BS4IT<\/title>\n<meta name=\"robots\" content=\"index, follow, max-snippet:-1, max-image-preview:large, max-video-preview:-1\" \/>\n<link rel=\"canonical\" href=\"https:\/\/www.bs4it.com.br\/en\/politica-de-cookie\/\" \/>\n<meta property=\"og:locale\" content=\"en_US\" \/>\n<meta property=\"og:type\" content=\"article\" \/>\n<meta property=\"og:title\" content=\"Pol\u00edtica de Cookie - BS4IT\" \/>\n<meta property=\"og:description\" content=\"O que \u00e9 um cookie? &nbsp; Um cookie \u00e9 um dado que o website solicita ao seu navegador e que \u00e9 armazenado na forma de um arquivo no seu computador ou dispositivo m\u00f3vel. O cookie permite que o website \u201clembre\u201d suas a\u00e7\u00f5es ou prefer\u00eancias ao longo do tempo. &nbsp; A maioria dos navegadores da Internet [&hellip;]\" \/>\n<meta property=\"og:url\" content=\"https:\/\/www.bs4it.com.br\/en\/politica-de-cookie\/\" \/>\n<meta property=\"og:site_name\" content=\"BS4IT\" \/>\n<meta property=\"article:publisher\" content=\"https:\/\/www.facebook.com\/BS4IT\" \/>\n<meta property=\"article:modified_time\" content=\"2024-03-17T22:12:46+00:00\" \/>\n<meta name=\"twitter:card\" content=\"summary_large_image\" \/>\n<meta name=\"twitter:label1\" content=\"Est. reading time\" \/>\n\t<meta name=\"twitter:data1\" content=\"9 minutes\" \/>\n<script type=\"application\/ld+json\" class=\"yoast-schema-graph\">{\"@context\":\"https:\\\/\\\/schema.org\",\"@graph\":[{\"@type\":\"WebPage\",\"@id\":\"https:\\\/\\\/www.bs4it.com.br\\\/politica-de-cookie\\\/\",\"url\":\"https:\\\/\\\/www.bs4it.com.br\\\/politica-de-cookie\\\/\",\"name\":\"Pol\u00edtica de Cookie - BS4IT\",\"isPartOf\":{\"@id\":\"https:\\\/\\\/www.bs4it.com.br\\\/#website\"},\"datePublished\":\"2022-12-14T20:12:05+00:00\",\"dateModified\":\"2024-03-17T22:12:46+00:00\",\"breadcrumb\":{\"@id\":\"https:\\\/\\\/www.bs4it.com.br\\\/politica-de-cookie\\\/#breadcrumb\"},\"inLanguage\":\"en-US\",\"potentialAction\":[{\"@type\":\"ReadAction\",\"target\":[\"https:\\\/\\\/www.bs4it.com.br\\\/politica-de-cookie\\\/\"]}]},{\"@type\":\"BreadcrumbList\",\"@id\":\"https:\\\/\\\/www.bs4it.com.br\\\/politica-de-cookie\\\/#breadcrumb\",\"itemListElement\":[{\"@type\":\"ListItem\",\"position\":1,\"name\":\"In\u00edcio\",\"item\":\"https:\\\/\\\/www.bs4it.com.br\\\/\"},{\"@type\":\"ListItem\",\"position\":2,\"name\":\"Pol\u00edtica de Cookie\"}]},{\"@type\":\"WebSite\",\"@id\":\"https:\\\/\\\/www.bs4it.com.br\\\/#website\",\"url\":\"https:\\\/\\\/www.bs4it.com.br\\\/\",\"name\":\"BS4IT\",\"description\":\"NOSSA EXPERI\u00caNCIA A FAVOR DO SEU NEG\u00d3CIO\",\"publisher\":{\"@id\":\"https:\\\/\\\/www.bs4it.com.br\\\/#organization\"},\"potentialAction\":[{\"@type\":\"SearchAction\",\"target\":{\"@type\":\"EntryPoint\",\"urlTemplate\":\"https:\\\/\\\/www.bs4it.com.br\\\/?s={search_term_string}\"},\"query-input\":{\"@type\":\"PropertyValueSpecification\",\"valueRequired\":true,\"valueName\":\"search_term_string\"}}],\"inLanguage\":\"en-US\"},{\"@type\":\"Organization\",\"@id\":\"https:\\\/\\\/www.bs4it.com.br\\\/#organization\",\"name\":\"BS4IT Solu\u00e7\u00f5es\",\"alternateName\":\"BS4IT\",\"url\":\"https:\\\/\\\/www.bs4it.com.br\\\/\",\"logo\":{\"@type\":\"ImageObject\",\"inLanguage\":\"en-US\",\"@id\":\"https:\\\/\\\/www.bs4it.com.br\\\/#\\\/schema\\\/logo\\\/image\\\/\",\"url\":\"https:\\\/\\\/www.bs4it.com.br\\\/wp-content\\\/uploads\\\/2023\\\/09\\\/LOGO-BS4IT-NOVO-azul.png\",\"contentUrl\":\"https:\\\/\\\/www.bs4it.com.br\\\/wp-content\\\/uploads\\\/2023\\\/09\\\/LOGO-BS4IT-NOVO-azul.png\",\"width\":600,\"height\":600,\"caption\":\"BS4IT Solu\u00e7\u00f5es\"},\"image\":{\"@id\":\"https:\\\/\\\/www.bs4it.com.br\\\/#\\\/schema\\\/logo\\\/image\\\/\"},\"sameAs\":[\"https:\\\/\\\/www.facebook.com\\\/BS4IT\",\"https:\\\/\\\/www.linkedin.com\\\/company\\\/bs4it\\\/mycompany\\\/?viewAsMember=true\",\"https:\\\/\\\/www.instagram.com\\\/BS4IT\"]}]}<\/script>\n<!-- \/ Yoast SEO plugin. -->","yoast_head_json":{"title":"Pol\u00edtica de Cookie - BS4IT","robots":{"index":"index","follow":"follow","max-snippet":"max-snippet:-1","max-image-preview":"max-image-preview:large","max-video-preview":"max-video-preview:-1"},"canonical":"https:\/\/www.bs4it.com.br\/en\/politica-de-cookie\/","og_locale":"en_US","og_type":"article","og_title":"Pol\u00edtica de Cookie - BS4IT","og_description":"O que \u00e9 um cookie? &nbsp; Um cookie \u00e9 um dado que o website solicita ao seu navegador e que \u00e9 armazenado na forma de um arquivo no seu computador ou dispositivo m\u00f3vel. O cookie permite que o website \u201clembre\u201d suas a\u00e7\u00f5es ou prefer\u00eancias ao longo do tempo. &nbsp; A maioria dos navegadores da Internet [&hellip;]","og_url":"https:\/\/www.bs4it.com.br\/en\/politica-de-cookie\/","og_site_name":"BS4IT","article_publisher":"https:\/\/www.facebook.com\/BS4IT","article_modified_time":"2024-03-17T22:12:46+00:00","twitter_card":"summary_large_image","twitter_misc":{"Est. reading time":"9 minutes"},"schema":{"@context":"https:\/\/schema.org","@graph":[{"@type":"WebPage","@id":"https:\/\/www.bs4it.com.br\/politica-de-cookie\/","url":"https:\/\/www.bs4it.com.br\/politica-de-cookie\/","name":"Pol\u00edtica de Cookie - BS4IT","isPartOf":{"@id":"https:\/\/www.bs4it.com.br\/#website"},"datePublished":"2022-12-14T20:12:05+00:00","dateModified":"2024-03-17T22:12:46+00:00","breadcrumb":{"@id":"https:\/\/www.bs4it.com.br\/politica-de-cookie\/#breadcrumb"},"inLanguage":"en-US","potentialAction":[{"@type":"ReadAction","target":["https:\/\/www.bs4it.com.br\/politica-de-cookie\/"]}]},{"@type":"BreadcrumbList","@id":"https:\/\/www.bs4it.com.br\/politica-de-cookie\/#breadcrumb","itemListElement":[{"@type":"ListItem","position":1,"name":"In\u00edcio","item":"https:\/\/www.bs4it.com.br\/"},{"@type":"ListItem","position":2,"name":"Pol\u00edtica de Cookie"}]},{"@type":"WebSite","@id":"https:\/\/www.bs4it.com.br\/#website","url":"https:\/\/www.bs4it.com.br\/","name":"BS4IT","description":"NOSSA EXPERI\u00caNCIA A FAVOR DO SEU NEG\u00d3CIO","publisher":{"@id":"https:\/\/www.bs4it.com.br\/#organization"},"potentialAction":[{"@type":"SearchAction","target":{"@type":"EntryPoint","urlTemplate":"https:\/\/www.bs4it.com.br\/?s={search_term_string}"},"query-input":{"@type":"PropertyValueSpecification","valueRequired":true,"valueName":"search_term_string"}}],"inLanguage":"en-US"},{"@type":"Organization","@id":"https:\/\/www.bs4it.com.br\/#organization","name":"BS4IT Solu\u00e7\u00f5es","alternateName":"BS4IT","url":"https:\/\/www.bs4it.com.br\/","logo":{"@type":"ImageObject","inLanguage":"en-US","@id":"https:\/\/www.bs4it.com.br\/#\/schema\/logo\/image\/","url":"https:\/\/www.bs4it.com.br\/wp-content\/uploads\/2023\/09\/LOGO-BS4IT-NOVO-azul.png","contentUrl":"https:\/\/www.bs4it.com.br\/wp-content\/uploads\/2023\/09\/LOGO-BS4IT-NOVO-azul.png","width":600,"height":600,"caption":"BS4IT Solu\u00e7\u00f5es"},"image":{"@id":"https:\/\/www.bs4it.com.br\/#\/schema\/logo\/image\/"},"sameAs":["https:\/\/www.facebook.com\/BS4IT","https:\/\/www.linkedin.com\/company\/bs4it\/mycompany\/?viewAsMember=true","https:\/\/www.instagram.com\/BS4IT"]}]}},"_links":{"self":[{"href":"https:\/\/www.bs4it.com.br\/en\/wp-json\/wp\/v2\/pages\/160","targetHints":{"allow":["GET"]}}],"collection":[{"href":"https:\/\/www.bs4it.com.br\/en\/wp-json\/wp\/v2\/pages"}],"about":[{"href":"https:\/\/www.bs4it.com.br\/en\/wp-json\/wp\/v2\/types\/page"}],"author":[{"embeddable":true,"href":"https:\/\/www.bs4it.com.br\/en\/wp-json\/wp\/v2\/users\/1"}],"replies":[{"embeddable":true,"href":"https:\/\/www.bs4it.com.br\/en\/wp-json\/wp\/v2\/comments?post=160"}],"version-history":[{"count":3,"href":"https:\/\/www.bs4it.com.br\/en\/wp-json\/wp\/v2\/pages\/160\/revisions"}],"predecessor-version":[{"id":2483,"href":"https:\/\/www.bs4it.com.br\/en\/wp-json\/wp\/v2\/pages\/160\/revisions\/2483"}],"wp:attachment":[{"href":"https:\/\/www.bs4it.com.br\/en\/wp-json\/wp\/v2\/media?parent=160"}],"curies":[{"name":"wp","href":"https:\/\/api.w.org\/{rel}","templated":true}]}}