{"id":1782,"date":"2023-08-23T22:14:05","date_gmt":"2023-08-24T01:14:05","guid":{"rendered":"https:\/\/www.bs4it.com.br\/?page_id=1782"},"modified":"2024-02-06T15:51:24","modified_gmt":"2024-02-06T18:51:24","slug":"obrigado-bs4it-10-anos","status":"publish","type":"page","link":"https:\/\/www.bs4it.com.br\/en\/obrigado-bs4it-10-anos\/","title":{"rendered":"Obrigado!"},"content":{"rendered":"\n[et_pb_section fb_built=&#8221;1&#8243; fullwidth=&#8221;on&#8221; _builder_version=&#8221;4.24.0&#8243; _module_preset=&#8221;default&#8221; global_colors_info=&#8221;{}&#8221;][et_pb_fullwidth_image title_text=&#8221;Save The Date &#8211; 10 anos BS4IT (1920 x 1080 px)&#8221; _builder_version=&#8221;4.24.0&#8243; _module_preset=&#8221;default&#8221; background_image=&#8221;https:\/\/www.bs4it.com.br\/wp-content\/uploads\/2024\/01\/Save-The-Date-10-anos-BS4IT-1920-x-1080-px.jpg&#8221; custom_padding=&#8221;518px|||||&#8221; global_colors_info=&#8221;{}&#8221;][\/et_pb_fullwidth_image][\/et_pb_section][et_pb_section fb_built=&#8221;1&#8243; admin_label=&#8221;Why choose us&#8221; _builder_version=&#8221;4.16&#8243; global_colors_info=&#8221;{}&#8221;][et_pb_row column_structure=&#8221;1_2,1_2&#8243; _builder_version=&#8221;4.16&#8243; global_colors_info=&#8221;{}&#8221;][et_pb_column type=&#8221;1_2&#8243; _builder_version=&#8221;4.16&#8243; custom_padding=&#8221;|||&#8221; global_colors_info=&#8221;{}&#8221; custom_padding__hover=&#8221;|||&#8221;][et_pb_text _builder_version=&#8221;4.24.0&#8243; text_font=&#8221;Share Tech||||||||&#8221; text_text_color=&#8221;rgba(0,0,0,0.02)&#8221; text_font_size=&#8221;100px&#8221; text_line_height=&#8221;0.2em&#8221; header_font=&#8221;||||||||&#8221; header_2_font=&#8221;Share Tech||||||||&#8221; header_2_font_size=&#8221;48px&#8221; header_2_line_height=&#8221;1.4em&#8221; custom_margin=&#8221;||30px||false&#8221; custom_margin_tablet=&#8221;||0px|&#8221; custom_margin_phone=&#8221;&#8221; custom_margin_last_edited=&#8221;on|tablet&#8221; hover_enabled=&#8221;0&#8243; text_font_size_tablet=&#8221;80px&#8221; text_font_size_phone=&#8221;60px&#8221; text_font_size_last_edited=&#8221;on|desktop&#8221; header_2_font_size_tablet=&#8221;&#8221; header_2_font_size_phone=&#8221;36px&#8221; header_2_font_size_last_edited=&#8221;on|phone&#8221; global_colors_info=&#8221;{}&#8221; sticky_enabled=&#8221;0&#8243;]<h2><span style=\"color: #003366;\">INSCRI\u00c7\u00c3O RECEBIDA!<\/span><\/h2>\n<h2>ESPERAMOS VOC\u00ca NESTA CELEBRA\u00c7\u00c3O ESPECIAL<\/h2>\n<p>&nbsp;<\/p>[\/et_pb_text][et_pb_button button_text=&#8221;mais informa\u00e7\u00f5es no email&#8221; _builder_version=&#8221;4.22.1&#8243; custom_button=&#8221;on&#8221; button_text_size=&#8221;15px&#8221; button_text_color=&#8221;#ffffff&#8221; button_bg_color=&#8221;#15314e&#8221; button_bg_color_gradient_direction=&#8221;90deg&#8221; button_bg_color_gradient_stops=&#8221;#ffa727 0%|#FF8A3D 100%&#8221; button_bg_color_gradient_start=&#8221;#ffa727&#8243; button_bg_color_gradient_end=&#8221;#FF8A3D&#8221; button_border_width=&#8221;0px&#8221; button_border_radius=&#8221;100px&#8221; button_letter_spacing=&#8221;5px&#8221; button_font=&#8221;Open Sans|700||on|||||&#8221; button_use_icon=&#8221;off&#8221; custom_padding=&#8221;16px|32px|16px|32px|true|true&#8221; button_border_radius_hover=&#8221;100px&#8221; button_letter_spacing_hover=&#8221;5px&#8221; button_bg_color_hover=&#8221;#3980f9&#8243; locked=&#8221;off&#8221; global_colors_info=&#8221;{}&#8221; button_text_size__hover_enabled=&#8221;off&#8221; button_one_text_size__hover_enabled=&#8221;off&#8221; button_two_text_size__hover_enabled=&#8221;off&#8221; button_text_color__hover_enabled=&#8221;off&#8221; button_one_text_color__hover_enabled=&#8221;off&#8221; button_two_text_color__hover_enabled=&#8221;off&#8221; button_border_width__hover_enabled=&#8221;off&#8221; button_one_border_width__hover_enabled=&#8221;off&#8221; button_two_border_width__hover_enabled=&#8221;off&#8221; button_border_color__hover_enabled=&#8221;off&#8221; button_one_border_color__hover_enabled=&#8221;off&#8221; button_two_border_color__hover_enabled=&#8221;off&#8221; button_border_radius__hover_enabled=&#8221;on&#8221; button_border_radius__hover=&#8221;100px&#8221; button_one_border_radius__hover_enabled=&#8221;off&#8221; button_two_border_radius__hover_enabled=&#8221;off&#8221; button_letter_spacing__hover_enabled=&#8221;on&#8221; button_letter_spacing__hover=&#8221;5px&#8221; button_one_letter_spacing__hover_enabled=&#8221;off&#8221; button_two_letter_spacing__hover_enabled=&#8221;off&#8221; button_bg_color__hover_enabled=&#8221;on&#8221; button_bg_color__hover=&#8221;#3980f9&#8243; button_one_bg_color__hover_enabled=&#8221;off&#8221; button_two_bg_color__hover_enabled=&#8221;off&#8221;][\/et_pb_button][\/et_pb_column][et_pb_column type=&#8221;1_2&#8243; _builder_version=&#8221;4.16&#8243; custom_padding=&#8221;120px|||&#8221; custom_padding_tablet=&#8221;40px|||&#8221; custom_padding_phone=&#8221;40px|||&#8221; custom_padding_last_edited=&#8221;on|tablet&#8221; global_colors_info=&#8221;{}&#8221; padding_tablet=&#8221;40px|||&#8221; padding_last_edited=&#8221;on|tablet&#8221; custom_padding__hover=&#8221;|||&#8221; padding_phone=&#8221;40px|||&#8221;][et_pb_blurb title=&#8221;DATA: 20\/03&#8243; use_icon=&#8221;on&#8221; font_icon=&#8221;&#xe052;||divi||400&#8243; icon_color=&#8221;#053469&#8243; icon_placement=&#8221;left&#8221; image_icon_width=&#8221;42px&#8221; content_max_width=&#8221;1100px&#8221; _builder_version=&#8221;4.24.0&#8243; header_level=&#8221;h1&#8243; header_font=&#8221;Share Tech||||||||&#8221; header_font_size=&#8221;42px&#8221; header_line_height=&#8221;1.2em&#8221; body_font=&#8221;Open Sans||||||||&#8221; body_font_size=&#8221;16px&#8221; body_line_height=&#8221;1.8em&#8221; custom_padding=&#8221;|||&#8221; animation_style=&#8221;fold&#8221; animation_delay=&#8221;150ms&#8221; animation=&#8221;off&#8221; icon_font_size=&#8221;28px&#8221; locked=&#8221;off&#8221; global_colors_info=&#8221;{}&#8221;][\/et_pb_blurb][et_pb_blurb title=&#8221;HOR\u00c1RIO: 19:00H&#8221; use_icon=&#8221;on&#8221; font_icon=&#8221;&#xe052;||divi||400&#8243; icon_color=&#8221;#053469&#8243; icon_placement=&#8221;left&#8221; image_icon_width=&#8221;42px&#8221; content_max_width=&#8221;1100px&#8221; _builder_version=&#8221;4.22.2&#8243; header_level=&#8221;h1&#8243; header_font=&#8221;Share Tech||||||||&#8221; header_font_size=&#8221;42px&#8221; header_line_height=&#8221;1.2em&#8221; body_font=&#8221;Open Sans||||||||&#8221; body_font_size=&#8221;16px&#8221; body_line_height=&#8221;1.8em&#8221; custom_padding=&#8221;|||&#8221; animation_style=&#8221;fold&#8221; animation_delay=&#8221;150ms&#8221; animation=&#8221;off&#8221; icon_font_size=&#8221;28px&#8221; locked=&#8221;off&#8221; global_colors_info=&#8221;{}&#8221;][\/et_pb_blurb][\/et_pb_column][\/et_pb_row][\/et_pb_section]\n","protected":false},"excerpt":{"rendered":"<p>Esperamos voc\u00ea para celebrar nossos 10 anos de hist\u00f3ria!<\/p>","protected":false},"author":1,"featured_media":0,"parent":0,"menu_order":0,"comment_status":"closed","ping_status":"closed","template":"","meta":{"_et_pb_use_builder":"on","_et_pb_old_content":"","_et_gb_content_width":"","footnotes":""},"class_list":["post-1782","page","type-page","status-publish","hentry"],"yoast_head":"<!-- This site is optimized with the Yoast SEO plugin v27.5 - https:\/\/yoast.com\/product\/yoast-seo-wordpress\/ -->\n<title>Obrigado! - BS4IT<\/title>\n<meta name=\"robots\" content=\"index, follow, max-snippet:-1, max-image-preview:large, max-video-preview:-1\" \/>\n<link rel=\"canonical\" href=\"https:\/\/www.bs4it.com.br\/en\/obrigado-bs4it-10-anos\/\" \/>\n<meta property=\"og:locale\" content=\"en_US\" \/>\n<meta property=\"og:type\" content=\"article\" \/>\n<meta property=\"og:title\" content=\"Obrigado! - BS4IT\" \/>\n<meta property=\"og:description\" content=\"Esperamos voc\u00ea para celebrar nossos 10 anos de hist\u00f3ria!\" \/>\n<meta property=\"og:url\" content=\"https:\/\/www.bs4it.com.br\/en\/obrigado-bs4it-10-anos\/\" \/>\n<meta property=\"og:site_name\" content=\"BS4IT\" \/>\n<meta property=\"article:publisher\" content=\"https:\/\/www.facebook.com\/BS4IT\" \/>\n<meta property=\"article:modified_time\" content=\"2024-02-06T18:51:24+00:00\" \/>\n<meta name=\"twitter:card\" content=\"summary_large_image\" \/>\n<meta name=\"twitter:label1\" content=\"Est. reading time\" \/>\n\t<meta name=\"twitter:data1\" content=\"1 minute\" \/>\n<script type=\"application\/ld+json\" class=\"yoast-schema-graph\">{\"@context\":\"https:\\\/\\\/schema.org\",\"@graph\":[{\"@type\":\"WebPage\",\"@id\":\"https:\\\/\\\/www.bs4it.com.br\\\/obrigado-bs4it-10-anos\\\/\",\"url\":\"https:\\\/\\\/www.bs4it.com.br\\\/obrigado-bs4it-10-anos\\\/\",\"name\":\"Obrigado! - BS4IT\",\"isPartOf\":{\"@id\":\"https:\\\/\\\/www.bs4it.com.br\\\/#website\"},\"datePublished\":\"2023-08-24T01:14:05+00:00\",\"dateModified\":\"2024-02-06T18:51:24+00:00\",\"breadcrumb\":{\"@id\":\"https:\\\/\\\/www.bs4it.com.br\\\/obrigado-bs4it-10-anos\\\/#breadcrumb\"},\"inLanguage\":\"en-US\",\"potentialAction\":[{\"@type\":\"ReadAction\",\"target\":[\"https:\\\/\\\/www.bs4it.com.br\\\/obrigado-bs4it-10-anos\\\/\"]}]},{\"@type\":\"BreadcrumbList\",\"@id\":\"https:\\\/\\\/www.bs4it.com.br\\\/obrigado-bs4it-10-anos\\\/#breadcrumb\",\"itemListElement\":[{\"@type\":\"ListItem\",\"position\":1,\"name\":\"In\u00edcio\",\"item\":\"https:\\\/\\\/www.bs4it.com.br\\\/\"},{\"@type\":\"ListItem\",\"position\":2,\"name\":\"Obrigado!\"}]},{\"@type\":\"WebSite\",\"@id\":\"https:\\\/\\\/www.bs4it.com.br\\\/#website\",\"url\":\"https:\\\/\\\/www.bs4it.com.br\\\/\",\"name\":\"BS4IT\",\"description\":\"NOSSA EXPERI\u00caNCIA A FAVOR DO SEU NEG\u00d3CIO\",\"publisher\":{\"@id\":\"https:\\\/\\\/www.bs4it.com.br\\\/#organization\"},\"potentialAction\":[{\"@type\":\"SearchAction\",\"target\":{\"@type\":\"EntryPoint\",\"urlTemplate\":\"https:\\\/\\\/www.bs4it.com.br\\\/?s={search_term_string}\"},\"query-input\":{\"@type\":\"PropertyValueSpecification\",\"valueRequired\":true,\"valueName\":\"search_term_string\"}}],\"inLanguage\":\"en-US\"},{\"@type\":\"Organization\",\"@id\":\"https:\\\/\\\/www.bs4it.com.br\\\/#organization\",\"name\":\"BS4IT Solu\u00e7\u00f5es\",\"alternateName\":\"BS4IT\",\"url\":\"https:\\\/\\\/www.bs4it.com.br\\\/\",\"logo\":{\"@type\":\"ImageObject\",\"inLanguage\":\"en-US\",\"@id\":\"https:\\\/\\\/www.bs4it.com.br\\\/#\\\/schema\\\/logo\\\/image\\\/\",\"url\":\"https:\\\/\\\/www.bs4it.com.br\\\/wp-content\\\/uploads\\\/2023\\\/09\\\/LOGO-BS4IT-NOVO-azul.png\",\"contentUrl\":\"https:\\\/\\\/www.bs4it.com.br\\\/wp-content\\\/uploads\\\/2023\\\/09\\\/LOGO-BS4IT-NOVO-azul.png\",\"width\":600,\"height\":600,\"caption\":\"BS4IT Solu\u00e7\u00f5es\"},\"image\":{\"@id\":\"https:\\\/\\\/www.bs4it.com.br\\\/#\\\/schema\\\/logo\\\/image\\\/\"},\"sameAs\":[\"https:\\\/\\\/www.facebook.com\\\/BS4IT\",\"https:\\\/\\\/www.linkedin.com\\\/company\\\/bs4it\\\/mycompany\\\/?viewAsMember=true\",\"https:\\\/\\\/www.instagram.com\\\/BS4IT\"]}]}<\/script>\n<!-- \/ Yoast SEO plugin. -->","yoast_head_json":{"title":"Obrigado! - BS4IT","robots":{"index":"index","follow":"follow","max-snippet":"max-snippet:-1","max-image-preview":"max-image-preview:large","max-video-preview":"max-video-preview:-1"},"canonical":"https:\/\/www.bs4it.com.br\/en\/obrigado-bs4it-10-anos\/","og_locale":"en_US","og_type":"article","og_title":"Obrigado! - BS4IT","og_description":"Esperamos voc\u00ea para celebrar nossos 10 anos de hist\u00f3ria!","og_url":"https:\/\/www.bs4it.com.br\/en\/obrigado-bs4it-10-anos\/","og_site_name":"BS4IT","article_publisher":"https:\/\/www.facebook.com\/BS4IT","article_modified_time":"2024-02-06T18:51:24+00:00","twitter_card":"summary_large_image","twitter_misc":{"Est. reading time":"1 minute"},"schema":{"@context":"https:\/\/schema.org","@graph":[{"@type":"WebPage","@id":"https:\/\/www.bs4it.com.br\/obrigado-bs4it-10-anos\/","url":"https:\/\/www.bs4it.com.br\/obrigado-bs4it-10-anos\/","name":"Obrigado! - BS4IT","isPartOf":{"@id":"https:\/\/www.bs4it.com.br\/#website"},"datePublished":"2023-08-24T01:14:05+00:00","dateModified":"2024-02-06T18:51:24+00:00","breadcrumb":{"@id":"https:\/\/www.bs4it.com.br\/obrigado-bs4it-10-anos\/#breadcrumb"},"inLanguage":"en-US","potentialAction":[{"@type":"ReadAction","target":["https:\/\/www.bs4it.com.br\/obrigado-bs4it-10-anos\/"]}]},{"@type":"BreadcrumbList","@id":"https:\/\/www.bs4it.com.br\/obrigado-bs4it-10-anos\/#breadcrumb","itemListElement":[{"@type":"ListItem","position":1,"name":"In\u00edcio","item":"https:\/\/www.bs4it.com.br\/"},{"@type":"ListItem","position":2,"name":"Obrigado!"}]},{"@type":"WebSite","@id":"https:\/\/www.bs4it.com.br\/#website","url":"https:\/\/www.bs4it.com.br\/","name":"BS4IT","description":"NOSSA EXPERI\u00caNCIA A FAVOR DO SEU NEG\u00d3CIO","publisher":{"@id":"https:\/\/www.bs4it.com.br\/#organization"},"potentialAction":[{"@type":"SearchAction","target":{"@type":"EntryPoint","urlTemplate":"https:\/\/www.bs4it.com.br\/?s={search_term_string}"},"query-input":{"@type":"PropertyValueSpecification","valueRequired":true,"valueName":"search_term_string"}}],"inLanguage":"en-US"},{"@type":"Organization","@id":"https:\/\/www.bs4it.com.br\/#organization","name":"BS4IT Solu\u00e7\u00f5es","alternateName":"BS4IT","url":"https:\/\/www.bs4it.com.br\/","logo":{"@type":"ImageObject","inLanguage":"en-US","@id":"https:\/\/www.bs4it.com.br\/#\/schema\/logo\/image\/","url":"https:\/\/www.bs4it.com.br\/wp-content\/uploads\/2023\/09\/LOGO-BS4IT-NOVO-azul.png","contentUrl":"https:\/\/www.bs4it.com.br\/wp-content\/uploads\/2023\/09\/LOGO-BS4IT-NOVO-azul.png","width":600,"height":600,"caption":"BS4IT Solu\u00e7\u00f5es"},"image":{"@id":"https:\/\/www.bs4it.com.br\/#\/schema\/logo\/image\/"},"sameAs":["https:\/\/www.facebook.com\/BS4IT","https:\/\/www.linkedin.com\/company\/bs4it\/mycompany\/?viewAsMember=true","https:\/\/www.instagram.com\/BS4IT"]}]}},"_links":{"self":[{"href":"https:\/\/www.bs4it.com.br\/en\/wp-json\/wp\/v2\/pages\/1782","targetHints":{"allow":["GET"]}}],"collection":[{"href":"https:\/\/www.bs4it.com.br\/en\/wp-json\/wp\/v2\/pages"}],"about":[{"href":"https:\/\/www.bs4it.com.br\/en\/wp-json\/wp\/v2\/types\/page"}],"author":[{"embeddable":true,"href":"https:\/\/www.bs4it.com.br\/en\/wp-json\/wp\/v2\/users\/1"}],"replies":[{"embeddable":true,"href":"https:\/\/www.bs4it.com.br\/en\/wp-json\/wp\/v2\/comments?post=1782"}],"version-history":[{"count":12,"href":"https:\/\/www.bs4it.com.br\/en\/wp-json\/wp\/v2\/pages\/1782\/revisions"}],"predecessor-version":[{"id":2208,"href":"https:\/\/www.bs4it.com.br\/en\/wp-json\/wp\/v2\/pages\/1782\/revisions\/2208"}],"wp:attachment":[{"href":"https:\/\/www.bs4it.com.br\/en\/wp-json\/wp\/v2\/media?parent=1782"}],"curies":[{"name":"wp","href":"https:\/\/api.w.org\/{rel}","templated":true}]}}