{"id":2351,"date":"2024-03-18T20:28:13","date_gmt":"2024-03-18T23:28:13","guid":{"rendered":"https:\/\/www.bs4it.com.br\/?page_id=2351"},"modified":"2025-09-08T19:39:33","modified_gmt":"2025-09-08T22:39:33","slug":"sobre-nos","status":"publish","type":"page","link":"https:\/\/www.bs4it.com.br\/en\/sobre-nos\/","title":{"rendered":"About Us"},"content":{"rendered":"<p>[et_pb_section fb_built=&#8221;1&#8243; admin_label=&#8221;About&#8221; _builder_version=&#8221;4.27.4&#8243; _module_preset=&#8221;default&#8221; background_color=&#8221;#ededed&#8221; locked=&#8221;off&#8221; collapsed=&#8221;on&#8221; global_colors_info=&#8221;{}&#8221;][et_pb_row column_structure=&#8221;3_5,2_5&#8243; make_equal=&#8221;on&#8221; _builder_version=&#8221;4.27.4&#8243; _module_preset=&#8221;default&#8221; global_colors_info=&#8221;{}&#8221;][et_pb_column type=&#8221;3_5&#8243; _builder_version=&#8221;4.21.0&#8243; _module_preset=&#8221;default&#8221; global_colors_info=&#8221;{}&#8221;][et_pb_text _builder_version=&#8221;4.27.4&#8243; _module_preset=&#8221;8303f1b4-98a3-4149-889d-e714b35a6b8f&#8221; header_font=&#8221;&#8211;et_global_body_font||||||||&#8221; header_text_color=&#8221;#06034b&#8221; header_font_size=&#8221;36px&#8221; header_2_text_color=&#8221;#FFFFFF&#8221; global_colors_info=&#8221;{}&#8221;]<\/p>\n<h1>Nossa Hist\u00f3ria<\/h1>\n<p>[\/et_pb_text][et_pb_text _builder_version=&#8221;4.27.4&#8243; _module_preset=&#8221;42b016aa-6b70-4919-9298-4c37312ecac9&#8243; text_font=&#8221;&#8211;et_global_body_font||||||||&#8221; text_text_color=&#8221;#565656&#8243; global_colors_info=&#8221;{}&#8221;]<\/p>\n<p>Tudo come\u00e7ou em 2014, quando um time de 5 empreendedores apaixonados por tecnologia se juntou com uma miss\u00e3o: fazer a TI trabalhar a favor dos neg\u00f3cios.<\/p>\n<p>Hoje, a gente t\u00e1 aqui pra dar aquele boost nas empresas com nosso know-how em TI. A ideia \u00e9 criar solu\u00e7\u00f5es sob medida que n\u00e3o s\u00f3 se encaixem no que cada empresa precisa, mas tamb\u00e9m tornem as opera\u00e7\u00f5es de TI mais afiadas e ajudem o neg\u00f3cio a crescer.<\/p>\n<p>J\u00e1 s\u00e3o 10 anos nessa jornada, com +140 clientes de v\u00e1rios setores de Ind\u00fastria a Sa\u00fade, passando por Financeiro, Bioenergia, Log\u00edstica, e mais. Nossa vibe chegou em v\u00e1rios cantos do Brasil, Am\u00e9rica do Sul, EUA e at\u00e9 \u00c1frica.<\/p>\n<p>[\/et_pb_text][\/et_pb_column][et_pb_column type=&#8221;2_5&#8243; _builder_version=&#8221;4.21.0&#8243; _module_preset=&#8221;default&#8221; global_colors_info=&#8221;{}&#8221;][et_pb_image src=&#8221;https:\/\/www.bs4it.com.br\/wp-content\/uploads\/2025\/09\/GPTW-COREL-1.avif&#8221; title_text=&#8221;GPTW COREL&#8221; _builder_version=&#8221;4.27.4&#8243; _module_preset=&#8221;default&#8221; global_colors_info=&#8221;{}&#8221;][\/et_pb_image][et_pb_text _builder_version=&#8221;4.27.4&#8243; _module_preset=&#8221;default&#8221; text_font=&#8221;&#8211;et_global_body_font||||||||&#8221; text_text_color=&#8221;#565656&#8243; text_font_size=&#8221;16px&#8221; custom_padding=&#8221;1px|||||&#8221; hover_enabled=&#8221;0&#8243; global_colors_info=&#8221;{}&#8221; header_text_color=&#8221;#000000&#8243; sticky_enabled=&#8221;0&#8243; text_line_height=&#8221;1.3em&#8221;]<\/p>\n<p><span style=\"color: #808080;\">Em dezembro de 2025 somos GPTW mais uma vez! <\/span><\/p>\n<p><span style=\"color: #808080;\">O Great Place To Work\u00ae \u00e9 uma consultoria global que apoia organiza\u00e7\u00f5es a obter melhores resultados por meio de uma cultura de confian\u00e7a, alto desempenho e inova\u00e7\u00e3o.<\/span><\/p>\n<p><span style=\"color: #808080;\">\u00a0<\/span><\/p>\n<p>[\/et_pb_text][\/et_pb_column][\/et_pb_row][et_pb_row _builder_version=&#8221;4.27.4&#8243; _module_preset=&#8221;default&#8221; global_colors_info=&#8221;{}&#8221;][et_pb_column type=&#8221;4_4&#8243; _builder_version=&#8221;4.27.4&#8243; _module_preset=&#8221;default&#8221; global_colors_info=&#8221;{}&#8221;][\/et_pb_column][\/et_pb_row][\/et_pb_section][et_pb_section fb_built=&#8221;1&#8243; admin_label=&#8221;Video&#8221; _builder_version=&#8221;4.21.0&#8243; _module_preset=&#8221;default&#8221; background_color=&#8221;gcid-8020c5c5-3063-43d3-92c5-9fcdd948cb76&#8243; locked=&#8221;off&#8221; collapsed=&#8221;on&#8221; global_colors_info=&#8221;{%22gcid-8020c5c5-3063-43d3-92c5-9fcdd948cb76%22:%91%22background_color%22%93}&#8221;][et_pb_row _builder_version=&#8221;4.27.4&#8243; _module_preset=&#8221;default&#8221; global_colors_info=&#8221;{}&#8221;][et_pb_column type=&#8221;4_4&#8243; _builder_version=&#8221;4.27.4&#8243; _module_preset=&#8221;default&#8221; global_colors_info=&#8221;{}&#8221;][et_pb_text _builder_version=&#8221;4.27.4&#8243; _module_preset=&#8221;default&#8221; text_text_color=&#8221;#FFFFFF&#8221; text_font_size=&#8221;26px&#8221; header_text_color=&#8221;#FFFFFF&#8221; header_font_size=&#8221;36px&#8221; global_colors_info=&#8221;{}&#8221;]<\/p>\n<h1><span style=\"color: #ffffff;\">O que dizem nossos colaboradores?<\/span><\/h1>\n<p>[\/et_pb_text][\/et_pb_column][\/et_pb_row][et_pb_row _builder_version=&#8221;4.21.0&#8243; _module_preset=&#8221;default&#8221; global_colors_info=&#8221;{}&#8221;][et_pb_column type=&#8221;4_4&#8243; _builder_version=&#8221;4.21.0&#8243; _module_preset=&#8221;default&#8221; global_colors_info=&#8221;{}&#8221;][et_pb_video src=&#8221;https:\/\/www.youtube.com\/watch?v=6ZqIBrPMpM0&#8243; _builder_version=&#8221;4.24.2&#8243; _module_preset=&#8221;default&#8221; border_radii=&#8221;on|20px|20px|20px|20px&#8221; global_colors_info=&#8221;{}&#8221;][\/et_pb_video][\/et_pb_column][\/et_pb_row][\/et_pb_section][et_pb_section fb_built=&#8221;1&#8243; _builder_version=&#8221;4.24.2&#8243; _module_preset=&#8221;default&#8221; background_color=&#8221;#06034b&#8221; global_colors_info=&#8221;{}&#8221;][et_pb_row _builder_version=&#8221;4.24.2&#8243; _module_preset=&#8221;default&#8221; global_colors_info=&#8221;{}&#8221;][et_pb_column type=&#8221;4_4&#8243; _builder_version=&#8221;4.24.2&#8243; _module_preset=&#8221;default&#8221; global_colors_info=&#8221;{}&#8221;][\/et_pb_column][\/et_pb_row][\/et_pb_section]<\/p>\n","protected":false},"excerpt":{"rendered":"<p>Nossa Hist\u00f3riaTudo come\u00e7ou em 2014, quando um time de 5 empreendedores apaixonados por tecnologia se juntou com uma miss\u00e3o: fazer a TI trabalhar a favor dos neg\u00f3cios. Hoje, a gente t\u00e1 aqui pra dar aquele boost nas empresas com nosso know-how em TI. A ideia \u00e9 criar solu\u00e7\u00f5es sob medida que n\u00e3o s\u00f3 se encaixem [&hellip;]<\/p>\n","protected":false},"author":1,"featured_media":0,"parent":0,"menu_order":0,"comment_status":"closed","ping_status":"closed","template":"","meta":{"_et_pb_use_builder":"on","_et_pb_old_content":"","_et_gb_content_width":"","footnotes":""},"class_list":["post-2351","page","type-page","status-publish","hentry"],"yoast_head":"<!-- This site is optimized with the Yoast SEO plugin v27.4 - https:\/\/yoast.com\/product\/yoast-seo-wordpress\/ -->\n<title>Sobre n\u00f3s - BS4IT<\/title>\n<meta name=\"robots\" content=\"index, follow, max-snippet:-1, max-image-preview:large, max-video-preview:-1\" \/>\n<link rel=\"canonical\" href=\"https:\/\/www.bs4it.com.br\/en\/sobre-nos\/\" \/>\n<meta property=\"og:locale\" content=\"en_US\" \/>\n<meta property=\"og:type\" content=\"article\" \/>\n<meta property=\"og:title\" content=\"Sobre n\u00f3s - BS4IT\" \/>\n<meta property=\"og:description\" content=\"Nossa Hist\u00f3riaTudo come\u00e7ou em 2014, quando um time de 5 empreendedores apaixonados por tecnologia se juntou com uma miss\u00e3o: fazer a TI trabalhar a favor dos neg\u00f3cios. Hoje, a gente t\u00e1 aqui pra dar aquele boost nas empresas com nosso know-how em TI. A ideia \u00e9 criar solu\u00e7\u00f5es sob medida que n\u00e3o s\u00f3 se encaixem [&hellip;]\" \/>\n<meta property=\"og:url\" content=\"https:\/\/www.bs4it.com.br\/en\/sobre-nos\/\" \/>\n<meta property=\"og:site_name\" content=\"BS4IT\" \/>\n<meta property=\"article:publisher\" content=\"https:\/\/www.facebook.com\/BS4IT\" \/>\n<meta property=\"article:modified_time\" content=\"2025-09-08T22:39:33+00:00\" \/>\n<meta name=\"twitter:card\" content=\"summary_large_image\" \/>\n<meta name=\"twitter:label1\" content=\"Est. reading time\" \/>\n\t<meta name=\"twitter:data1\" content=\"2 minutes\" \/>\n<script type=\"application\/ld+json\" class=\"yoast-schema-graph\">{\"@context\":\"https:\\\/\\\/schema.org\",\"@graph\":[{\"@type\":\"WebPage\",\"@id\":\"https:\\\/\\\/www.bs4it.com.br\\\/sobre-nos\\\/\",\"url\":\"https:\\\/\\\/www.bs4it.com.br\\\/sobre-nos\\\/\",\"name\":\"Sobre n\u00f3s - BS4IT\",\"isPartOf\":{\"@id\":\"https:\\\/\\\/www.bs4it.com.br\\\/#website\"},\"datePublished\":\"2024-03-18T23:28:13+00:00\",\"dateModified\":\"2025-09-08T22:39:33+00:00\",\"breadcrumb\":{\"@id\":\"https:\\\/\\\/www.bs4it.com.br\\\/sobre-nos\\\/#breadcrumb\"},\"inLanguage\":\"en-US\",\"potentialAction\":[{\"@type\":\"ReadAction\",\"target\":[\"https:\\\/\\\/www.bs4it.com.br\\\/sobre-nos\\\/\"]}]},{\"@type\":\"BreadcrumbList\",\"@id\":\"https:\\\/\\\/www.bs4it.com.br\\\/sobre-nos\\\/#breadcrumb\",\"itemListElement\":[{\"@type\":\"ListItem\",\"position\":1,\"name\":\"In\u00edcio\",\"item\":\"https:\\\/\\\/www.bs4it.com.br\\\/\"},{\"@type\":\"ListItem\",\"position\":2,\"name\":\"Sobre n\u00f3s\"}]},{\"@type\":\"WebSite\",\"@id\":\"https:\\\/\\\/www.bs4it.com.br\\\/#website\",\"url\":\"https:\\\/\\\/www.bs4it.com.br\\\/\",\"name\":\"BS4IT\",\"description\":\"NOSSA EXPERI\u00caNCIA A FAVOR DO SEU NEG\u00d3CIO\",\"publisher\":{\"@id\":\"https:\\\/\\\/www.bs4it.com.br\\\/#organization\"},\"potentialAction\":[{\"@type\":\"SearchAction\",\"target\":{\"@type\":\"EntryPoint\",\"urlTemplate\":\"https:\\\/\\\/www.bs4it.com.br\\\/?s={search_term_string}\"},\"query-input\":{\"@type\":\"PropertyValueSpecification\",\"valueRequired\":true,\"valueName\":\"search_term_string\"}}],\"inLanguage\":\"en-US\"},{\"@type\":\"Organization\",\"@id\":\"https:\\\/\\\/www.bs4it.com.br\\\/#organization\",\"name\":\"BS4IT Solu\u00e7\u00f5es\",\"alternateName\":\"BS4IT\",\"url\":\"https:\\\/\\\/www.bs4it.com.br\\\/\",\"logo\":{\"@type\":\"ImageObject\",\"inLanguage\":\"en-US\",\"@id\":\"https:\\\/\\\/www.bs4it.com.br\\\/#\\\/schema\\\/logo\\\/image\\\/\",\"url\":\"https:\\\/\\\/www.bs4it.com.br\\\/wp-content\\\/uploads\\\/2023\\\/09\\\/LOGO-BS4IT-NOVO-azul.png\",\"contentUrl\":\"https:\\\/\\\/www.bs4it.com.br\\\/wp-content\\\/uploads\\\/2023\\\/09\\\/LOGO-BS4IT-NOVO-azul.png\",\"width\":600,\"height\":600,\"caption\":\"BS4IT Solu\u00e7\u00f5es\"},\"image\":{\"@id\":\"https:\\\/\\\/www.bs4it.com.br\\\/#\\\/schema\\\/logo\\\/image\\\/\"},\"sameAs\":[\"https:\\\/\\\/www.facebook.com\\\/BS4IT\",\"https:\\\/\\\/www.linkedin.com\\\/company\\\/bs4it\\\/mycompany\\\/?viewAsMember=true\",\"https:\\\/\\\/www.instagram.com\\\/BS4IT\"]}]}<\/script>\n<!-- \/ Yoast SEO plugin. -->","yoast_head_json":{"title":"Sobre n\u00f3s - BS4IT","robots":{"index":"index","follow":"follow","max-snippet":"max-snippet:-1","max-image-preview":"max-image-preview:large","max-video-preview":"max-video-preview:-1"},"canonical":"https:\/\/www.bs4it.com.br\/en\/sobre-nos\/","og_locale":"en_US","og_type":"article","og_title":"Sobre n\u00f3s - BS4IT","og_description":"Nossa Hist\u00f3riaTudo come\u00e7ou em 2014, quando um time de 5 empreendedores apaixonados por tecnologia se juntou com uma miss\u00e3o: fazer a TI trabalhar a favor dos neg\u00f3cios. Hoje, a gente t\u00e1 aqui pra dar aquele boost nas empresas com nosso know-how em TI. A ideia \u00e9 criar solu\u00e7\u00f5es sob medida que n\u00e3o s\u00f3 se encaixem [&hellip;]","og_url":"https:\/\/www.bs4it.com.br\/en\/sobre-nos\/","og_site_name":"BS4IT","article_publisher":"https:\/\/www.facebook.com\/BS4IT","article_modified_time":"2025-09-08T22:39:33+00:00","twitter_card":"summary_large_image","twitter_misc":{"Est. reading time":"2 minutes"},"schema":{"@context":"https:\/\/schema.org","@graph":[{"@type":"WebPage","@id":"https:\/\/www.bs4it.com.br\/sobre-nos\/","url":"https:\/\/www.bs4it.com.br\/sobre-nos\/","name":"Sobre n\u00f3s - BS4IT","isPartOf":{"@id":"https:\/\/www.bs4it.com.br\/#website"},"datePublished":"2024-03-18T23:28:13+00:00","dateModified":"2025-09-08T22:39:33+00:00","breadcrumb":{"@id":"https:\/\/www.bs4it.com.br\/sobre-nos\/#breadcrumb"},"inLanguage":"en-US","potentialAction":[{"@type":"ReadAction","target":["https:\/\/www.bs4it.com.br\/sobre-nos\/"]}]},{"@type":"BreadcrumbList","@id":"https:\/\/www.bs4it.com.br\/sobre-nos\/#breadcrumb","itemListElement":[{"@type":"ListItem","position":1,"name":"In\u00edcio","item":"https:\/\/www.bs4it.com.br\/"},{"@type":"ListItem","position":2,"name":"Sobre n\u00f3s"}]},{"@type":"WebSite","@id":"https:\/\/www.bs4it.com.br\/#website","url":"https:\/\/www.bs4it.com.br\/","name":"BS4IT","description":"NOSSA EXPERI\u00caNCIA A FAVOR DO SEU NEG\u00d3CIO","publisher":{"@id":"https:\/\/www.bs4it.com.br\/#organization"},"potentialAction":[{"@type":"SearchAction","target":{"@type":"EntryPoint","urlTemplate":"https:\/\/www.bs4it.com.br\/?s={search_term_string}"},"query-input":{"@type":"PropertyValueSpecification","valueRequired":true,"valueName":"search_term_string"}}],"inLanguage":"en-US"},{"@type":"Organization","@id":"https:\/\/www.bs4it.com.br\/#organization","name":"BS4IT Solu\u00e7\u00f5es","alternateName":"BS4IT","url":"https:\/\/www.bs4it.com.br\/","logo":{"@type":"ImageObject","inLanguage":"en-US","@id":"https:\/\/www.bs4it.com.br\/#\/schema\/logo\/image\/","url":"https:\/\/www.bs4it.com.br\/wp-content\/uploads\/2023\/09\/LOGO-BS4IT-NOVO-azul.png","contentUrl":"https:\/\/www.bs4it.com.br\/wp-content\/uploads\/2023\/09\/LOGO-BS4IT-NOVO-azul.png","width":600,"height":600,"caption":"BS4IT Solu\u00e7\u00f5es"},"image":{"@id":"https:\/\/www.bs4it.com.br\/#\/schema\/logo\/image\/"},"sameAs":["https:\/\/www.facebook.com\/BS4IT","https:\/\/www.linkedin.com\/company\/bs4it\/mycompany\/?viewAsMember=true","https:\/\/www.instagram.com\/BS4IT"]}]}},"_links":{"self":[{"href":"https:\/\/www.bs4it.com.br\/en\/wp-json\/wp\/v2\/pages\/2351","targetHints":{"allow":["GET"]}}],"collection":[{"href":"https:\/\/www.bs4it.com.br\/en\/wp-json\/wp\/v2\/pages"}],"about":[{"href":"https:\/\/www.bs4it.com.br\/en\/wp-json\/wp\/v2\/types\/page"}],"author":[{"embeddable":true,"href":"https:\/\/www.bs4it.com.br\/en\/wp-json\/wp\/v2\/users\/1"}],"replies":[{"embeddable":true,"href":"https:\/\/www.bs4it.com.br\/en\/wp-json\/wp\/v2\/comments?post=2351"}],"version-history":[{"count":28,"href":"https:\/\/www.bs4it.com.br\/en\/wp-json\/wp\/v2\/pages\/2351\/revisions"}],"predecessor-version":[{"id":16302,"href":"https:\/\/www.bs4it.com.br\/en\/wp-json\/wp\/v2\/pages\/2351\/revisions\/16302"}],"wp:attachment":[{"href":"https:\/\/www.bs4it.com.br\/en\/wp-json\/wp\/v2\/media?parent=2351"}],"curies":[{"name":"wp","href":"https:\/\/api.w.org\/{rel}","templated":true}]}}